{"id":5708,"date":"2018-01-16T10:47:39","date_gmt":"2018-01-16T10:47:39","guid":{"rendered":"https:\/\/geckobeachclub.com\/beach-club-formentera\/"},"modified":"2026-04-10T09:13:40","modified_gmt":"2026-04-10T09:13:40","slug":"beach-club-formentera","status":"publish","type":"page","link":"https:\/\/geckobeachclub.com\/de\/beach-club-formentera\/","title":{"rendered":"Beach Club"},"content":{"rendered":"<p>Ven a disfrutar de un d\u00eda diferente en nuestras camas balinesas o en nuestras hamacas a pie de playa, donde el sol parece brillar con m\u00e1s intensidad y el agua del mar parece m\u00e1s transparente, con nuestro DJ pinchando bossa nova de fondo y nuestros camareros sirvi\u00e9ndote c\u00f3cteles, todo con la energ\u00eda hippie-chic de Formentera y la elegancia y sofisticaci\u00f3n de los dorados a\u00f1os 50. Disfruta de un ba\u00f1o en nuestra piscina o regalate un masaje relajante en nuestro spa.<\/p>\n<p>Nuestro restaurante es el lugar ideal para comer bajo la sombra de las sabinas, brindar al atardecer y cenar deliciosas creaciones mediterr\u00e1neas bajo la luz de las estrellas, todo preparado con productos de temporada y pescado fresco, comprometidos con la pol\u00edtica de producto cero kil\u00f3metros.<\/p>\n","protected":false},"excerpt":{"rendered":"<p>Ven a disfrutar de un d\u00eda diferente en nuestras camas balinesas o en nuestras hamacas a pie de playa, donde el sol parece brillar con m\u00e1s intensidad y el agua del mar parece m\u00e1s transparente, con nuestro DJ pinchando bossa nova de fondo y nuestros camareros sirvi\u00e9ndote c\u00f3cteles, todo con la energ\u00eda hippie-chic de Formentera [&hellip;]<\/p>\n","protected":false},"author":6,"featured_media":22378,"parent":0,"menu_order":0,"comment_status":"closed","ping_status":"closed","template":"templates\/template-with-retreats-beach-club.php","meta":{"inline_featured_image":false,"footnotes":""},"acf":[],"yoast_head":"<!-- This site is optimized with the Yoast SEO plugin v21.7 - https:\/\/yoast.com\/wordpress\/plugins\/seo\/ -->\n<title>Gecko Beach Club - Formentera, m\u00fasica, c\u00f3cteles frente al mar...<\/title>\n<meta name=\"description\" content=\"De d\u00eda y de noche, disfrute en nuestro Beach Club, piscina, c\u00f3cteles, beach cabanas. Venir a pasar el d\u00eda o disfrutar de nuestro restaurante\" \/>\n<meta name=\"robots\" content=\"index, follow, max-snippet:-1, max-image-preview:large, max-video-preview:-1\" \/>\n<link rel=\"canonical\" href=\"https:\/\/geckobeachclub.com\/de\/beach-club-formentera\/\" \/>\n<meta property=\"og:locale\" content=\"de_DE\" \/>\n<meta property=\"og:type\" content=\"article\" \/>\n<meta property=\"og:title\" content=\"Gecko Beach Club - Formentera, m\u00fasica, c\u00f3cteles frente al mar...\" \/>\n<meta property=\"og:description\" content=\"De d\u00eda y de noche, disfrute en nuestro Beach Club, piscina, c\u00f3cteles, beach cabanas. Venir a pasar el d\u00eda o disfrutar de nuestro restaurante\" \/>\n<meta property=\"og:url\" content=\"https:\/\/geckobeachclub.com\/de\/beach-club-formentera\/\" \/>\n<meta property=\"og:site_name\" content=\"Gecko Hotel &amp; Beach Club Formentera\" \/>\n<meta property=\"article:modified_time\" content=\"2026-04-10T09:13:40+00:00\" \/>\n<meta property=\"og:image\" content=\"https:\/\/geckobeachclub.com\/wp-content\/uploads\/2018\/02\/sunrisedrinks-scaled.jpg\" \/>\n\t<meta property=\"og:image:width\" content=\"2560\" \/>\n\t<meta property=\"og:image:height\" content=\"1707\" \/>\n\t<meta property=\"og:image:type\" content=\"image\/jpeg\" \/>\n<meta name=\"twitter:card\" content=\"summary_large_image\" \/>\n<meta name=\"twitter:label1\" content=\"Gesch\u00e4tzte Lesezeit\" \/>\n\t<meta name=\"twitter:data1\" content=\"1 Minute\" \/>\n<script type=\"application\/ld+json\" class=\"yoast-schema-graph\">{\"@context\":\"https:\/\/schema.org\",\"@graph\":[{\"@type\":\"WebPage\",\"@id\":\"https:\/\/geckobeachclub.com\/de\/beach-club-formentera\/\",\"url\":\"https:\/\/geckobeachclub.com\/de\/beach-club-formentera\/\",\"name\":\"Gecko Beach Club - Formentera, m\u00fasica, c\u00f3cteles frente al mar...\",\"isPartOf\":{\"@id\":\"https:\/\/geckobeachclub.com\/de\/#website\"},\"datePublished\":\"2018-01-16T10:47:39+00:00\",\"dateModified\":\"2026-04-10T09:13:40+00:00\",\"description\":\"De d\u00eda y de noche, disfrute en nuestro Beach Club, piscina, c\u00f3cteles, beach cabanas. Venir a pasar el d\u00eda o disfrutar de nuestro restaurante\",\"breadcrumb\":{\"@id\":\"https:\/\/geckobeachclub.com\/de\/beach-club-formentera\/#breadcrumb\"},\"inLanguage\":\"de-DE\",\"potentialAction\":[{\"@type\":\"ReadAction\",\"target\":[\"https:\/\/geckobeachclub.com\/de\/beach-club-formentera\/\"]}]},{\"@type\":\"BreadcrumbList\",\"@id\":\"https:\/\/geckobeachclub.com\/de\/beach-club-formentera\/#breadcrumb\",\"itemListElement\":[{\"@type\":\"ListItem\",\"position\":1,\"name\":\"Home\",\"item\":\"https:\/\/geckobeachclub.com\/de\/\"},{\"@type\":\"ListItem\",\"position\":2,\"name\":\"Beach Club\"}]},{\"@type\":\"WebSite\",\"@id\":\"https:\/\/geckobeachclub.com\/de\/#website\",\"url\":\"https:\/\/geckobeachclub.com\/de\/\",\"name\":\"Gecko Hotel &amp; Beach Club Formentera\",\"description\":\"\",\"potentialAction\":[{\"@type\":\"SearchAction\",\"target\":{\"@type\":\"EntryPoint\",\"urlTemplate\":\"https:\/\/geckobeachclub.com\/de\/?s={search_term_string}\"},\"query-input\":\"required name=search_term_string\"}],\"inLanguage\":\"de-DE\"}]}<\/script>\n<!-- \/ Yoast SEO plugin. -->","yoast_head_json":{"title":"Gecko Beach Club - Formentera, m\u00fasica, c\u00f3cteles frente al mar...","description":"De d\u00eda y de noche, disfrute en nuestro Beach Club, piscina, c\u00f3cteles, beach cabanas. Venir a pasar el d\u00eda o disfrutar de nuestro restaurante","robots":{"index":"index","follow":"follow","max-snippet":"max-snippet:-1","max-image-preview":"max-image-preview:large","max-video-preview":"max-video-preview:-1"},"canonical":"https:\/\/geckobeachclub.com\/de\/beach-club-formentera\/","og_locale":"de_DE","og_type":"article","og_title":"Gecko Beach Club - Formentera, m\u00fasica, c\u00f3cteles frente al mar...","og_description":"De d\u00eda y de noche, disfrute en nuestro Beach Club, piscina, c\u00f3cteles, beach cabanas. Venir a pasar el d\u00eda o disfrutar de nuestro restaurante","og_url":"https:\/\/geckobeachclub.com\/de\/beach-club-formentera\/","og_site_name":"Gecko Hotel &amp; Beach Club Formentera","article_modified_time":"2026-04-10T09:13:40+00:00","og_image":[{"width":2560,"height":1707,"url":"https:\/\/geckobeachclub.com\/wp-content\/uploads\/2018\/02\/sunrisedrinks-scaled.jpg","type":"image\/jpeg"}],"twitter_card":"summary_large_image","twitter_misc":{"Gesch\u00e4tzte Lesezeit":"1 Minute"},"schema":{"@context":"https:\/\/schema.org","@graph":[{"@type":"WebPage","@id":"https:\/\/geckobeachclub.com\/de\/beach-club-formentera\/","url":"https:\/\/geckobeachclub.com\/de\/beach-club-formentera\/","name":"Gecko Beach Club - Formentera, m\u00fasica, c\u00f3cteles frente al mar...","isPartOf":{"@id":"https:\/\/geckobeachclub.com\/de\/#website"},"datePublished":"2018-01-16T10:47:39+00:00","dateModified":"2026-04-10T09:13:40+00:00","description":"De d\u00eda y de noche, disfrute en nuestro Beach Club, piscina, c\u00f3cteles, beach cabanas. Venir a pasar el d\u00eda o disfrutar de nuestro restaurante","breadcrumb":{"@id":"https:\/\/geckobeachclub.com\/de\/beach-club-formentera\/#breadcrumb"},"inLanguage":"de-DE","potentialAction":[{"@type":"ReadAction","target":["https:\/\/geckobeachclub.com\/de\/beach-club-formentera\/"]}]},{"@type":"BreadcrumbList","@id":"https:\/\/geckobeachclub.com\/de\/beach-club-formentera\/#breadcrumb","itemListElement":[{"@type":"ListItem","position":1,"name":"Home","item":"https:\/\/geckobeachclub.com\/de\/"},{"@type":"ListItem","position":2,"name":"Beach Club"}]},{"@type":"WebSite","@id":"https:\/\/geckobeachclub.com\/de\/#website","url":"https:\/\/geckobeachclub.com\/de\/","name":"Gecko Hotel &amp; Beach Club Formentera","description":"","potentialAction":[{"@type":"SearchAction","target":{"@type":"EntryPoint","urlTemplate":"https:\/\/geckobeachclub.com\/de\/?s={search_term_string}"},"query-input":"required name=search_term_string"}],"inLanguage":"de-DE"}]}},"_links":{"self":[{"href":"https:\/\/geckobeachclub.com\/de\/wp-json\/wp\/v2\/pages\/5708"}],"collection":[{"href":"https:\/\/geckobeachclub.com\/de\/wp-json\/wp\/v2\/pages"}],"about":[{"href":"https:\/\/geckobeachclub.com\/de\/wp-json\/wp\/v2\/types\/page"}],"author":[{"embeddable":true,"href":"https:\/\/geckobeachclub.com\/de\/wp-json\/wp\/v2\/users\/6"}],"replies":[{"embeddable":true,"href":"https:\/\/geckobeachclub.com\/de\/wp-json\/wp\/v2\/comments?post=5708"}],"version-history":[{"count":26,"href":"https:\/\/geckobeachclub.com\/de\/wp-json\/wp\/v2\/pages\/5708\/revisions"}],"predecessor-version":[{"id":41262,"href":"https:\/\/geckobeachclub.com\/de\/wp-json\/wp\/v2\/pages\/5708\/revisions\/41262"}],"wp:featuredmedia":[{"embeddable":true,"href":"https:\/\/geckobeachclub.com\/de\/wp-json\/wp\/v2\/media\/22378"}],"wp:attachment":[{"href":"https:\/\/geckobeachclub.com\/de\/wp-json\/wp\/v2\/media?parent=5708"}],"curies":[{"name":"wp","href":"https:\/\/api.w.org\/{rel}","templated":true}]}}