{"id":5743,"date":"2018-01-16T10:47:27","date_gmt":"2018-01-16T10:47:27","guid":{"rendered":"https:\/\/geckobeachclub.com\/restaurante\/"},"modified":"2026-04-16T08:55:51","modified_gmt":"2026-04-16T08:55:51","slug":"restaurant","status":"publish","type":"page","link":"https:\/\/geckobeachclub.com\/de\/restaurant\/","title":{"rendered":"Restaurant"},"content":{"rendered":"<p>Genie\u00dfen Sie ein einzigartiges, gastronomisches Erlebnis direkt am Migjorn Strand, mit beindruckender Aussicht auf das Mittelmeer. Wir sind t\u00e4glich zum Mittag und Abendessen ge\u00f6ffnet.<\/p>\n<p>Das Men\u00fc kombiniert mediterrane Aromen mit internationaler K\u00fcche. Dabei werden lokale Produkte verwendet auf Empfehlung des K\u00fcchenchefs.<\/p>\n<p>&nbsp;<\/p>\n","protected":false},"excerpt":{"rendered":"<p>Genie\u00dfen Sie ein einzigartiges, gastronomisches Erlebnis direkt am Migjorn Strand, mit beindruckender Aussicht auf das Mittelmeer. Wir sind t\u00e4glich zum Mittag und Abendessen ge\u00f6ffnet. Das Men\u00fc kombiniert mediterrane Aromen mit internationaler K\u00fcche. Dabei werden lokale Produkte verwendet auf Empfehlung des K\u00fcchenchefs. &nbsp;<\/p>\n","protected":false},"author":6,"featured_media":0,"parent":0,"menu_order":0,"comment_status":"closed","ping_status":"closed","template":"templates\/template-with-retreats-beach-club.php","meta":{"inline_featured_image":false,"footnotes":""},"acf":[],"yoast_head":"<!-- This site is optimized with the Yoast SEO plugin v21.7 - https:\/\/yoast.com\/wordpress\/plugins\/seo\/ -->\n<title>Restaurant | Gecko Hotel &amp; Beach Club Formentera<\/title>\n<meta name=\"description\" content=\"Entdecken Sie unser Strandrestaurant in Formentera mit einer gro\u00dfen Auswahl an mediterranen Gerichten wie Paellas, gegrilltem Fisch und Meeresfr\u00fcchten.\" \/>\n<meta name=\"robots\" content=\"index, follow, max-snippet:-1, max-image-preview:large, max-video-preview:-1\" \/>\n<link rel=\"canonical\" href=\"https:\/\/geckobeachclub.com\/de\/restaurant\/\" \/>\n<meta property=\"og:locale\" content=\"de_DE\" \/>\n<meta property=\"og:type\" content=\"article\" \/>\n<meta property=\"og:title\" content=\"Restaurant | Gecko Hotel &amp; Beach Club Formentera\" \/>\n<meta property=\"og:description\" content=\"Entdecken Sie unser Strandrestaurant in Formentera mit einer gro\u00dfen Auswahl an mediterranen Gerichten wie Paellas, gegrilltem Fisch und Meeresfr\u00fcchten.\" \/>\n<meta property=\"og:url\" content=\"https:\/\/geckobeachclub.com\/de\/restaurant\/\" \/>\n<meta property=\"og:site_name\" content=\"Gecko Hotel &amp; Beach Club Formentera\" \/>\n<meta property=\"article:modified_time\" content=\"2026-04-16T08:55:51+00:00\" \/>\n<meta name=\"twitter:card\" content=\"summary_large_image\" \/>\n<meta name=\"twitter:label1\" content=\"Gesch\u00e4tzte Lesezeit\" \/>\n\t<meta name=\"twitter:data1\" content=\"1 Minute\" \/>\n<script type=\"application\/ld+json\" class=\"yoast-schema-graph\">{\"@context\":\"https:\/\/schema.org\",\"@graph\":[{\"@type\":\"WebPage\",\"@id\":\"https:\/\/geckobeachclub.com\/de\/restaurant\/\",\"url\":\"https:\/\/geckobeachclub.com\/de\/restaurant\/\",\"name\":\"Restaurant | Gecko Hotel &amp; Beach Club Formentera\",\"isPartOf\":{\"@id\":\"https:\/\/geckobeachclub.com\/de\/#website\"},\"datePublished\":\"2018-01-16T10:47:27+00:00\",\"dateModified\":\"2026-04-16T08:55:51+00:00\",\"description\":\"Entdecken Sie unser Strandrestaurant in Formentera mit einer gro\u00dfen Auswahl an mediterranen Gerichten wie Paellas, gegrilltem Fisch und Meeresfr\u00fcchten.\",\"breadcrumb\":{\"@id\":\"https:\/\/geckobeachclub.com\/de\/restaurant\/#breadcrumb\"},\"inLanguage\":\"de-DE\",\"potentialAction\":[{\"@type\":\"ReadAction\",\"target\":[\"https:\/\/geckobeachclub.com\/de\/restaurant\/\"]}]},{\"@type\":\"BreadcrumbList\",\"@id\":\"https:\/\/geckobeachclub.com\/de\/restaurant\/#breadcrumb\",\"itemListElement\":[{\"@type\":\"ListItem\",\"position\":1,\"name\":\"Home\",\"item\":\"https:\/\/geckobeachclub.com\/de\/\"},{\"@type\":\"ListItem\",\"position\":2,\"name\":\"Restaurant\"}]},{\"@type\":\"WebSite\",\"@id\":\"https:\/\/geckobeachclub.com\/de\/#website\",\"url\":\"https:\/\/geckobeachclub.com\/de\/\",\"name\":\"Gecko Hotel &amp; Beach Club Formentera\",\"description\":\"\",\"potentialAction\":[{\"@type\":\"SearchAction\",\"target\":{\"@type\":\"EntryPoint\",\"urlTemplate\":\"https:\/\/geckobeachclub.com\/de\/?s={search_term_string}\"},\"query-input\":\"required name=search_term_string\"}],\"inLanguage\":\"de-DE\"}]}<\/script>\n<!-- \/ Yoast SEO plugin. -->","yoast_head_json":{"title":"Restaurant | Gecko Hotel &amp; Beach Club Formentera","description":"Entdecken Sie unser Strandrestaurant in Formentera mit einer gro\u00dfen Auswahl an mediterranen Gerichten wie Paellas, gegrilltem Fisch und Meeresfr\u00fcchten.","robots":{"index":"index","follow":"follow","max-snippet":"max-snippet:-1","max-image-preview":"max-image-preview:large","max-video-preview":"max-video-preview:-1"},"canonical":"https:\/\/geckobeachclub.com\/de\/restaurant\/","og_locale":"de_DE","og_type":"article","og_title":"Restaurant | Gecko Hotel &amp; Beach Club Formentera","og_description":"Entdecken Sie unser Strandrestaurant in Formentera mit einer gro\u00dfen Auswahl an mediterranen Gerichten wie Paellas, gegrilltem Fisch und Meeresfr\u00fcchten.","og_url":"https:\/\/geckobeachclub.com\/de\/restaurant\/","og_site_name":"Gecko Hotel &amp; Beach Club Formentera","article_modified_time":"2026-04-16T08:55:51+00:00","twitter_card":"summary_large_image","twitter_misc":{"Gesch\u00e4tzte Lesezeit":"1 Minute"},"schema":{"@context":"https:\/\/schema.org","@graph":[{"@type":"WebPage","@id":"https:\/\/geckobeachclub.com\/de\/restaurant\/","url":"https:\/\/geckobeachclub.com\/de\/restaurant\/","name":"Restaurant | Gecko Hotel &amp; Beach Club Formentera","isPartOf":{"@id":"https:\/\/geckobeachclub.com\/de\/#website"},"datePublished":"2018-01-16T10:47:27+00:00","dateModified":"2026-04-16T08:55:51+00:00","description":"Entdecken Sie unser Strandrestaurant in Formentera mit einer gro\u00dfen Auswahl an mediterranen Gerichten wie Paellas, gegrilltem Fisch und Meeresfr\u00fcchten.","breadcrumb":{"@id":"https:\/\/geckobeachclub.com\/de\/restaurant\/#breadcrumb"},"inLanguage":"de-DE","potentialAction":[{"@type":"ReadAction","target":["https:\/\/geckobeachclub.com\/de\/restaurant\/"]}]},{"@type":"BreadcrumbList","@id":"https:\/\/geckobeachclub.com\/de\/restaurant\/#breadcrumb","itemListElement":[{"@type":"ListItem","position":1,"name":"Home","item":"https:\/\/geckobeachclub.com\/de\/"},{"@type":"ListItem","position":2,"name":"Restaurant"}]},{"@type":"WebSite","@id":"https:\/\/geckobeachclub.com\/de\/#website","url":"https:\/\/geckobeachclub.com\/de\/","name":"Gecko Hotel &amp; Beach Club Formentera","description":"","potentialAction":[{"@type":"SearchAction","target":{"@type":"EntryPoint","urlTemplate":"https:\/\/geckobeachclub.com\/de\/?s={search_term_string}"},"query-input":"required name=search_term_string"}],"inLanguage":"de-DE"}]}},"_links":{"self":[{"href":"https:\/\/geckobeachclub.com\/de\/wp-json\/wp\/v2\/pages\/5743"}],"collection":[{"href":"https:\/\/geckobeachclub.com\/de\/wp-json\/wp\/v2\/pages"}],"about":[{"href":"https:\/\/geckobeachclub.com\/de\/wp-json\/wp\/v2\/types\/page"}],"author":[{"embeddable":true,"href":"https:\/\/geckobeachclub.com\/de\/wp-json\/wp\/v2\/users\/6"}],"replies":[{"embeddable":true,"href":"https:\/\/geckobeachclub.com\/de\/wp-json\/wp\/v2\/comments?post=5743"}],"version-history":[{"count":24,"href":"https:\/\/geckobeachclub.com\/de\/wp-json\/wp\/v2\/pages\/5743\/revisions"}],"predecessor-version":[{"id":41330,"href":"https:\/\/geckobeachclub.com\/de\/wp-json\/wp\/v2\/pages\/5743\/revisions\/41330"}],"wp:attachment":[{"href":"https:\/\/geckobeachclub.com\/de\/wp-json\/wp\/v2\/media?parent=5743"}],"curies":[{"name":"wp","href":"https:\/\/api.w.org\/{rel}","templated":true}]}}