{"id":5747,"date":"2018-02-15T15:44:17","date_gmt":"2018-02-15T15:44:17","guid":{"rendered":"https:\/\/geckobeachclub.com\/restaurante\/miercoles-noches-de-espetada-formentera\/"},"modified":"2023-06-26T09:56:20","modified_gmt":"2023-06-26T09:56:20","slug":"essen-mit-meerblick","status":"publish","type":"page","link":"https:\/\/geckobeachclub.com\/de\/restaurant\/essen-mit-meerblick\/","title":{"rendered":"Essen mit Meerblick"},"content":{"rendered":"","protected":false},"excerpt":{"rendered":"","protected":false},"author":6,"featured_media":0,"parent":5743,"menu_order":0,"comment_status":"closed","ping_status":"closed","template":"templates\/template-with-retreats-beach-club.php","meta":{"inline_featured_image":false,"footnotes":""},"acf":[],"yoast_head":"<!-- This site is optimized with the Yoast SEO plugin v21.7 - https:\/\/yoast.com\/wordpress\/plugins\/seo\/ -->\n<title>Essen mit Meerblick | Gecko Hotel &amp; Beach Club Formentera<\/title>\n<meta name=\"description\" content=\"Besuchen Sie unser Restaurant in Formentera, um Paellas, Fisch und Meeresfr\u00fcchte am Meer zu genie\u00dfen, das t\u00e4glich zum Mittag- und Abendessen ge\u00f6ffnet ist.\" \/>\n<meta name=\"robots\" content=\"index, follow, max-snippet:-1, max-image-preview:large, max-video-preview:-1\" \/>\n<link rel=\"canonical\" href=\"https:\/\/geckobeachclub.com\/de\/restaurant\/essen-mit-meerblick\/\" \/>\n<meta property=\"og:locale\" content=\"de_DE\" \/>\n<meta property=\"og:type\" content=\"article\" \/>\n<meta property=\"og:title\" content=\"Essen mit Meerblick | Gecko Hotel &amp; Beach Club Formentera\" \/>\n<meta property=\"og:description\" content=\"Besuchen Sie unser Restaurant in Formentera, um Paellas, Fisch und Meeresfr\u00fcchte am Meer zu genie\u00dfen, das t\u00e4glich zum Mittag- und Abendessen ge\u00f6ffnet ist.\" \/>\n<meta property=\"og:url\" content=\"https:\/\/geckobeachclub.com\/de\/restaurant\/essen-mit-meerblick\/\" \/>\n<meta property=\"og:site_name\" content=\"Gecko Hotel &amp; Beach Club Formentera\" \/>\n<meta property=\"article:modified_time\" content=\"2023-06-26T09:56:20+00:00\" \/>\n<meta name=\"twitter:card\" content=\"summary_large_image\" \/>\n<script type=\"application\/ld+json\" class=\"yoast-schema-graph\">{\"@context\":\"https:\/\/schema.org\",\"@graph\":[{\"@type\":\"WebPage\",\"@id\":\"https:\/\/geckobeachclub.com\/de\/restaurant\/essen-mit-meerblick\/\",\"url\":\"https:\/\/geckobeachclub.com\/de\/restaurant\/essen-mit-meerblick\/\",\"name\":\"Essen mit Meerblick | Gecko Hotel &amp; Beach Club Formentera\",\"isPartOf\":{\"@id\":\"https:\/\/geckobeachclub.com\/de\/#website\"},\"datePublished\":\"2018-02-15T15:44:17+00:00\",\"dateModified\":\"2023-06-26T09:56:20+00:00\",\"description\":\"Besuchen Sie unser Restaurant in Formentera, um Paellas, Fisch und Meeresfr\u00fcchte am Meer zu genie\u00dfen, das t\u00e4glich zum Mittag- und Abendessen ge\u00f6ffnet ist.\",\"breadcrumb\":{\"@id\":\"https:\/\/geckobeachclub.com\/de\/restaurant\/essen-mit-meerblick\/#breadcrumb\"},\"inLanguage\":\"de-DE\",\"potentialAction\":[{\"@type\":\"ReadAction\",\"target\":[\"https:\/\/geckobeachclub.com\/de\/restaurant\/essen-mit-meerblick\/\"]}]},{\"@type\":\"BreadcrumbList\",\"@id\":\"https:\/\/geckobeachclub.com\/de\/restaurant\/essen-mit-meerblick\/#breadcrumb\",\"itemListElement\":[{\"@type\":\"ListItem\",\"position\":1,\"name\":\"Home\",\"item\":\"https:\/\/geckobeachclub.com\/de\/\"},{\"@type\":\"ListItem\",\"position\":2,\"name\":\"Restaurant\",\"item\":\"https:\/\/geckobeachclub.com\/de\/restaurant\/\"},{\"@type\":\"ListItem\",\"position\":3,\"name\":\"Essen mit Meerblick\"}]},{\"@type\":\"WebSite\",\"@id\":\"https:\/\/geckobeachclub.com\/de\/#website\",\"url\":\"https:\/\/geckobeachclub.com\/de\/\",\"name\":\"Gecko Hotel &amp; Beach Club Formentera\",\"description\":\"\",\"potentialAction\":[{\"@type\":\"SearchAction\",\"target\":{\"@type\":\"EntryPoint\",\"urlTemplate\":\"https:\/\/geckobeachclub.com\/de\/?s={search_term_string}\"},\"query-input\":\"required name=search_term_string\"}],\"inLanguage\":\"de-DE\"}]}<\/script>\n<!-- \/ Yoast SEO plugin. -->","yoast_head_json":{"title":"Essen mit Meerblick | Gecko Hotel &amp; Beach Club Formentera","description":"Besuchen Sie unser Restaurant in Formentera, um Paellas, Fisch und Meeresfr\u00fcchte am Meer zu genie\u00dfen, das t\u00e4glich zum Mittag- und Abendessen ge\u00f6ffnet ist.","robots":{"index":"index","follow":"follow","max-snippet":"max-snippet:-1","max-image-preview":"max-image-preview:large","max-video-preview":"max-video-preview:-1"},"canonical":"https:\/\/geckobeachclub.com\/de\/restaurant\/essen-mit-meerblick\/","og_locale":"de_DE","og_type":"article","og_title":"Essen mit Meerblick | Gecko Hotel &amp; Beach Club Formentera","og_description":"Besuchen Sie unser Restaurant in Formentera, um Paellas, Fisch und Meeresfr\u00fcchte am Meer zu genie\u00dfen, das t\u00e4glich zum Mittag- und Abendessen ge\u00f6ffnet ist.","og_url":"https:\/\/geckobeachclub.com\/de\/restaurant\/essen-mit-meerblick\/","og_site_name":"Gecko Hotel &amp; Beach Club Formentera","article_modified_time":"2023-06-26T09:56:20+00:00","twitter_card":"summary_large_image","schema":{"@context":"https:\/\/schema.org","@graph":[{"@type":"WebPage","@id":"https:\/\/geckobeachclub.com\/de\/restaurant\/essen-mit-meerblick\/","url":"https:\/\/geckobeachclub.com\/de\/restaurant\/essen-mit-meerblick\/","name":"Essen mit Meerblick | Gecko Hotel &amp; Beach Club Formentera","isPartOf":{"@id":"https:\/\/geckobeachclub.com\/de\/#website"},"datePublished":"2018-02-15T15:44:17+00:00","dateModified":"2023-06-26T09:56:20+00:00","description":"Besuchen Sie unser Restaurant in Formentera, um Paellas, Fisch und Meeresfr\u00fcchte am Meer zu genie\u00dfen, das t\u00e4glich zum Mittag- und Abendessen ge\u00f6ffnet ist.","breadcrumb":{"@id":"https:\/\/geckobeachclub.com\/de\/restaurant\/essen-mit-meerblick\/#breadcrumb"},"inLanguage":"de-DE","potentialAction":[{"@type":"ReadAction","target":["https:\/\/geckobeachclub.com\/de\/restaurant\/essen-mit-meerblick\/"]}]},{"@type":"BreadcrumbList","@id":"https:\/\/geckobeachclub.com\/de\/restaurant\/essen-mit-meerblick\/#breadcrumb","itemListElement":[{"@type":"ListItem","position":1,"name":"Home","item":"https:\/\/geckobeachclub.com\/de\/"},{"@type":"ListItem","position":2,"name":"Restaurant","item":"https:\/\/geckobeachclub.com\/de\/restaurant\/"},{"@type":"ListItem","position":3,"name":"Essen mit Meerblick"}]},{"@type":"WebSite","@id":"https:\/\/geckobeachclub.com\/de\/#website","url":"https:\/\/geckobeachclub.com\/de\/","name":"Gecko Hotel &amp; Beach Club Formentera","description":"","potentialAction":[{"@type":"SearchAction","target":{"@type":"EntryPoint","urlTemplate":"https:\/\/geckobeachclub.com\/de\/?s={search_term_string}"},"query-input":"required name=search_term_string"}],"inLanguage":"de-DE"}]}},"_links":{"self":[{"href":"https:\/\/geckobeachclub.com\/de\/wp-json\/wp\/v2\/pages\/5747"}],"collection":[{"href":"https:\/\/geckobeachclub.com\/de\/wp-json\/wp\/v2\/pages"}],"about":[{"href":"https:\/\/geckobeachclub.com\/de\/wp-json\/wp\/v2\/types\/page"}],"author":[{"embeddable":true,"href":"https:\/\/geckobeachclub.com\/de\/wp-json\/wp\/v2\/users\/6"}],"replies":[{"embeddable":true,"href":"https:\/\/geckobeachclub.com\/de\/wp-json\/wp\/v2\/comments?post=5747"}],"version-history":[{"count":13,"href":"https:\/\/geckobeachclub.com\/de\/wp-json\/wp\/v2\/pages\/5747\/revisions"}],"predecessor-version":[{"id":22707,"href":"https:\/\/geckobeachclub.com\/de\/wp-json\/wp\/v2\/pages\/5747\/revisions\/22707"}],"up":[{"embeddable":true,"href":"https:\/\/geckobeachclub.com\/de\/wp-json\/wp\/v2\/pages\/5743"}],"wp:attachment":[{"href":"https:\/\/geckobeachclub.com\/de\/wp-json\/wp\/v2\/media?parent=5747"}],"curies":[{"name":"wp","href":"https:\/\/api.w.org\/{rel}","templated":true}]}}