{"id":11230,"date":"2021-04-08T13:18:41","date_gmt":"2021-04-08T13:18:41","guid":{"rendered":"https:\/\/geckobeachclub.com\/?page_id=11230"},"modified":"2023-11-07T09:33:28","modified_gmt":"2023-11-07T09:33:28","slug":"ibiza-formentera","status":"publish","type":"page","link":"https:\/\/geckobeachclub.com\/en\/ibiza-formentera\/","title":{"rendered":"Ibiza &#038; Formentera"},"content":{"rendered":"<p>Disfruta de una experiencia gastron\u00f3mica \u00fanica con los exquisitos sabores que ofrece nuestro restaurante a pie de playa de Mitjorn en Formentera, abierto al p\u00fablico todos los d\u00edas para el almuerzo y la cena.<\/p>\n<p>Ofrecemos un amplio men\u00fa en el que se combinan influencias de cocina mediterr\u00e1nea, internacional y fusi\u00f3n en un perfecto equilibrio, utilizando ingredientes de origen local y que adem\u00e1s cuenta con una carta de recomendaciones diarias de nuestro Chef, comprometidos con la pol\u00edtica de productos de kil\u00f3metros cero.<\/p>\n<p>&nbsp;<\/p>\n","protected":false},"excerpt":{"rendered":"<p>Disfruta de una experiencia gastron\u00f3mica \u00fanica con los exquisitos sabores que ofrece nuestro restaurante a pie de playa de Mitjorn en Formentera, abierto al p\u00fablico todos los d\u00edas para el almuerzo y la cena. Ofrecemos un amplio men\u00fa en el que se combinan influencias de cocina mediterr\u00e1nea, internacional y fusi\u00f3n en un perfecto equilibrio, utilizando [&hellip;]<\/p>\n","protected":false},"author":6,"featured_media":0,"parent":0,"menu_order":0,"comment_status":"closed","ping_status":"closed","template":"templates\/template-with-retreats.php","meta":{"inline_featured_image":false,"footnotes":""},"acf":[],"yoast_head":"<!-- This site is optimized with the Yoast SEO plugin v21.7 - https:\/\/yoast.com\/wordpress\/plugins\/seo\/ -->\n<title>Ibiza &amp; Formentera Getaway | Gecko Hotel &amp; Beach Club Formentera | Nobu Hotel<\/title>\n<meta name=\"description\" content=\"Enjoy a four-day getaway across Ibiza and Formentera with Gecko Hotel &amp; Beach Club and Nobu Hotel Ibiza Bay.\" \/>\n<meta name=\"robots\" content=\"index, follow, max-snippet:-1, max-image-preview:large, max-video-preview:-1\" \/>\n<link rel=\"canonical\" href=\"https:\/\/geckobeachclub.com\/en\/ibiza-formentera\/\" \/>\n<meta property=\"og:locale\" content=\"en_US\" \/>\n<meta property=\"og:type\" content=\"article\" \/>\n<meta property=\"og:title\" content=\"Ibiza &amp; Formentera Getaway | Gecko Hotel &amp; Beach Club Formentera | Nobu Hotel\" \/>\n<meta property=\"og:description\" content=\"Enjoy a four-day getaway across Ibiza and Formentera with Gecko Hotel &amp; Beach Club and Nobu Hotel Ibiza Bay.\" \/>\n<meta property=\"og:url\" content=\"https:\/\/geckobeachclub.com\/en\/ibiza-formentera\/\" \/>\n<meta property=\"og:site_name\" content=\"Gecko Hotel &amp; Beach Club Formentera\" \/>\n<meta property=\"article:modified_time\" content=\"2023-11-07T09:33:28+00:00\" \/>\n<meta name=\"twitter:card\" content=\"summary_large_image\" \/>\n<script type=\"application\/ld+json\" class=\"yoast-schema-graph\">{\"@context\":\"https:\/\/schema.org\",\"@graph\":[{\"@type\":\"WebPage\",\"@id\":\"https:\/\/geckobeachclub.com\/en\/ibiza-formentera\/\",\"url\":\"https:\/\/geckobeachclub.com\/en\/ibiza-formentera\/\",\"name\":\"Ibiza & Formentera Getaway | Gecko Hotel &amp; Beach Club Formentera | Nobu Hotel\",\"isPartOf\":{\"@id\":\"https:\/\/geckobeachclub.com\/en\/#website\"},\"datePublished\":\"2021-04-08T13:18:41+00:00\",\"dateModified\":\"2023-11-07T09:33:28+00:00\",\"description\":\"Enjoy a four-day getaway across Ibiza and Formentera with Gecko Hotel & Beach Club and Nobu Hotel Ibiza Bay.\",\"breadcrumb\":{\"@id\":\"https:\/\/geckobeachclub.com\/en\/ibiza-formentera\/#breadcrumb\"},\"inLanguage\":\"en-US\",\"potentialAction\":[{\"@type\":\"ReadAction\",\"target\":[\"https:\/\/geckobeachclub.com\/en\/ibiza-formentera\/\"]}]},{\"@type\":\"BreadcrumbList\",\"@id\":\"https:\/\/geckobeachclub.com\/en\/ibiza-formentera\/#breadcrumb\",\"itemListElement\":[{\"@type\":\"ListItem\",\"position\":1,\"name\":\"Home\",\"item\":\"https:\/\/geckobeachclub.com\/en\/\"},{\"@type\":\"ListItem\",\"position\":2,\"name\":\"Ibiza &#038; Formentera\"}]},{\"@type\":\"WebSite\",\"@id\":\"https:\/\/geckobeachclub.com\/en\/#website\",\"url\":\"https:\/\/geckobeachclub.com\/en\/\",\"name\":\"Gecko Hotel &amp; Beach Club Formentera\",\"description\":\"\",\"potentialAction\":[{\"@type\":\"SearchAction\",\"target\":{\"@type\":\"EntryPoint\",\"urlTemplate\":\"https:\/\/geckobeachclub.com\/en\/?s={search_term_string}\"},\"query-input\":\"required name=search_term_string\"}],\"inLanguage\":\"en-US\"}]}<\/script>\n<!-- \/ Yoast SEO plugin. -->","yoast_head_json":{"title":"Ibiza & Formentera Getaway | Gecko Hotel &amp; Beach Club Formentera | Nobu Hotel","description":"Enjoy a four-day getaway across Ibiza and Formentera with Gecko Hotel & Beach Club and Nobu Hotel Ibiza Bay.","robots":{"index":"index","follow":"follow","max-snippet":"max-snippet:-1","max-image-preview":"max-image-preview:large","max-video-preview":"max-video-preview:-1"},"canonical":"https:\/\/geckobeachclub.com\/en\/ibiza-formentera\/","og_locale":"en_US","og_type":"article","og_title":"Ibiza & Formentera Getaway | Gecko Hotel &amp; Beach Club Formentera | Nobu Hotel","og_description":"Enjoy a four-day getaway across Ibiza and Formentera with Gecko Hotel & Beach Club and Nobu Hotel Ibiza Bay.","og_url":"https:\/\/geckobeachclub.com\/en\/ibiza-formentera\/","og_site_name":"Gecko Hotel &amp; Beach Club Formentera","article_modified_time":"2023-11-07T09:33:28+00:00","twitter_card":"summary_large_image","schema":{"@context":"https:\/\/schema.org","@graph":[{"@type":"WebPage","@id":"https:\/\/geckobeachclub.com\/en\/ibiza-formentera\/","url":"https:\/\/geckobeachclub.com\/en\/ibiza-formentera\/","name":"Ibiza & Formentera Getaway | Gecko Hotel &amp; Beach Club Formentera | Nobu Hotel","isPartOf":{"@id":"https:\/\/geckobeachclub.com\/en\/#website"},"datePublished":"2021-04-08T13:18:41+00:00","dateModified":"2023-11-07T09:33:28+00:00","description":"Enjoy a four-day getaway across Ibiza and Formentera with Gecko Hotel & Beach Club and Nobu Hotel Ibiza Bay.","breadcrumb":{"@id":"https:\/\/geckobeachclub.com\/en\/ibiza-formentera\/#breadcrumb"},"inLanguage":"en-US","potentialAction":[{"@type":"ReadAction","target":["https:\/\/geckobeachclub.com\/en\/ibiza-formentera\/"]}]},{"@type":"BreadcrumbList","@id":"https:\/\/geckobeachclub.com\/en\/ibiza-formentera\/#breadcrumb","itemListElement":[{"@type":"ListItem","position":1,"name":"Home","item":"https:\/\/geckobeachclub.com\/en\/"},{"@type":"ListItem","position":2,"name":"Ibiza &#038; Formentera"}]},{"@type":"WebSite","@id":"https:\/\/geckobeachclub.com\/en\/#website","url":"https:\/\/geckobeachclub.com\/en\/","name":"Gecko Hotel &amp; Beach Club Formentera","description":"","potentialAction":[{"@type":"SearchAction","target":{"@type":"EntryPoint","urlTemplate":"https:\/\/geckobeachclub.com\/en\/?s={search_term_string}"},"query-input":"required name=search_term_string"}],"inLanguage":"en-US"}]}},"_links":{"self":[{"href":"https:\/\/geckobeachclub.com\/en\/wp-json\/wp\/v2\/pages\/11230"}],"collection":[{"href":"https:\/\/geckobeachclub.com\/en\/wp-json\/wp\/v2\/pages"}],"about":[{"href":"https:\/\/geckobeachclub.com\/en\/wp-json\/wp\/v2\/types\/page"}],"author":[{"embeddable":true,"href":"https:\/\/geckobeachclub.com\/en\/wp-json\/wp\/v2\/users\/6"}],"replies":[{"embeddable":true,"href":"https:\/\/geckobeachclub.com\/en\/wp-json\/wp\/v2\/comments?post=11230"}],"version-history":[{"count":2,"href":"https:\/\/geckobeachclub.com\/en\/wp-json\/wp\/v2\/pages\/11230\/revisions"}],"predecessor-version":[{"id":11271,"href":"https:\/\/geckobeachclub.com\/en\/wp-json\/wp\/v2\/pages\/11230\/revisions\/11271"}],"wp:attachment":[{"href":"https:\/\/geckobeachclub.com\/en\/wp-json\/wp\/v2\/media?parent=11230"}],"curies":[{"name":"wp","href":"https:\/\/api.w.org\/{rel}","templated":true}]}}