{"id":1535,"date":"2018-02-13T15:41:22","date_gmt":"2018-02-13T15:41:22","guid":{"rendered":"https:\/\/geckobeachclub.com\/restaurant\/servicio-de-cena-privada\/"},"modified":"2019-11-19T12:02:06","modified_gmt":"2019-11-19T12:02:06","slug":"dejeuners-et-diners-prives","status":"publish","type":"page","link":"https:\/\/geckobeachclub.com\/fr\/restaurant\/dejeuners-et-diners-prives\/","title":{"rendered":"D\u00e9jeuners et d\u00eeners priv\u00e9s"},"content":{"rendered":"","protected":false},"excerpt":{"rendered":"","protected":false},"author":6,"featured_media":0,"parent":1518,"menu_order":2,"comment_status":"closed","ping_status":"closed","template":"templates\/template-with-retreats-beach-club.php","meta":{"inline_featured_image":false,"footnotes":""},"acf":[],"yoast_head":"<!-- This site is optimized with the Yoast SEO plugin v21.7 - https:\/\/yoast.com\/wordpress\/plugins\/seo\/ -->\n<title>D\u00e9jeuners et d\u00eeners priv\u00e9s | Gecko Hotel &amp; Beach Club Formentera<\/title>\n<meta name=\"description\" content=\"Le Gecko Hotel &amp; Beach Club offre la possibilit\u00e9 de prendre un d\u00e9jeuner ou un d\u00eener priv\u00e9 au bord de la mer \u00e0 Formentera.\" \/>\n<meta name=\"robots\" content=\"index, follow, max-snippet:-1, max-image-preview:large, max-video-preview:-1\" \/>\n<link rel=\"canonical\" href=\"https:\/\/geckobeachclub.com\/fr\/restaurant\/dejeuners-et-diners-prives\/\" \/>\n<meta property=\"og:locale\" content=\"fr_FR\" \/>\n<meta property=\"og:type\" content=\"article\" \/>\n<meta property=\"og:title\" content=\"D\u00e9jeuners et d\u00eeners priv\u00e9s | Gecko Hotel &amp; Beach Club Formentera\" \/>\n<meta property=\"og:description\" content=\"Le Gecko Hotel &amp; Beach Club offre la possibilit\u00e9 de prendre un d\u00e9jeuner ou un d\u00eener priv\u00e9 au bord de la mer \u00e0 Formentera.\" \/>\n<meta property=\"og:url\" content=\"https:\/\/geckobeachclub.com\/fr\/restaurant\/dejeuners-et-diners-prives\/\" \/>\n<meta property=\"og:site_name\" content=\"Gecko Hotel &amp; Beach Club Formentera\" \/>\n<meta property=\"article:modified_time\" content=\"2019-11-19T12:02:06+00:00\" \/>\n<meta name=\"twitter:card\" content=\"summary_large_image\" \/>\n<script type=\"application\/ld+json\" class=\"yoast-schema-graph\">{\"@context\":\"https:\/\/schema.org\",\"@graph\":[{\"@type\":\"WebPage\",\"@id\":\"https:\/\/geckobeachclub.com\/fr\/restaurant\/dejeuners-et-diners-prives\/\",\"url\":\"https:\/\/geckobeachclub.com\/fr\/restaurant\/dejeuners-et-diners-prives\/\",\"name\":\"D\u00e9jeuners et d\u00eeners priv\u00e9s | Gecko Hotel &amp; Beach Club Formentera\",\"isPartOf\":{\"@id\":\"https:\/\/geckobeachclub.com\/fr\/#website\"},\"datePublished\":\"2018-02-13T15:41:22+00:00\",\"dateModified\":\"2019-11-19T12:02:06+00:00\",\"description\":\"Le Gecko Hotel & Beach Club offre la possibilit\u00e9 de prendre un d\u00e9jeuner ou un d\u00eener priv\u00e9 au bord de la mer \u00e0 Formentera.\",\"breadcrumb\":{\"@id\":\"https:\/\/geckobeachclub.com\/fr\/restaurant\/dejeuners-et-diners-prives\/#breadcrumb\"},\"inLanguage\":\"fr-FR\",\"potentialAction\":[{\"@type\":\"ReadAction\",\"target\":[\"https:\/\/geckobeachclub.com\/fr\/restaurant\/dejeuners-et-diners-prives\/\"]}]},{\"@type\":\"BreadcrumbList\",\"@id\":\"https:\/\/geckobeachclub.com\/fr\/restaurant\/dejeuners-et-diners-prives\/#breadcrumb\",\"itemListElement\":[{\"@type\":\"ListItem\",\"position\":1,\"name\":\"Home\",\"item\":\"https:\/\/geckobeachclub.com\/fr\/\"},{\"@type\":\"ListItem\",\"position\":2,\"name\":\"Restaurant\",\"item\":\"https:\/\/geckobeachclub.com\/fr\/restaurant\/\"},{\"@type\":\"ListItem\",\"position\":3,\"name\":\"D\u00e9jeuners et d\u00eeners priv\u00e9s\"}]},{\"@type\":\"WebSite\",\"@id\":\"https:\/\/geckobeachclub.com\/fr\/#website\",\"url\":\"https:\/\/geckobeachclub.com\/fr\/\",\"name\":\"Gecko Hotel &amp; Beach Club Formentera\",\"description\":\"\",\"potentialAction\":[{\"@type\":\"SearchAction\",\"target\":{\"@type\":\"EntryPoint\",\"urlTemplate\":\"https:\/\/geckobeachclub.com\/fr\/?s={search_term_string}\"},\"query-input\":\"required name=search_term_string\"}],\"inLanguage\":\"fr-FR\"}]}<\/script>\n<!-- \/ Yoast SEO plugin. -->","yoast_head_json":{"title":"D\u00e9jeuners et d\u00eeners priv\u00e9s | Gecko Hotel &amp; Beach Club Formentera","description":"Le Gecko Hotel & Beach Club offre la possibilit\u00e9 de prendre un d\u00e9jeuner ou un d\u00eener priv\u00e9 au bord de la mer \u00e0 Formentera.","robots":{"index":"index","follow":"follow","max-snippet":"max-snippet:-1","max-image-preview":"max-image-preview:large","max-video-preview":"max-video-preview:-1"},"canonical":"https:\/\/geckobeachclub.com\/fr\/restaurant\/dejeuners-et-diners-prives\/","og_locale":"fr_FR","og_type":"article","og_title":"D\u00e9jeuners et d\u00eeners priv\u00e9s | Gecko Hotel &amp; Beach Club Formentera","og_description":"Le Gecko Hotel & Beach Club offre la possibilit\u00e9 de prendre un d\u00e9jeuner ou un d\u00eener priv\u00e9 au bord de la mer \u00e0 Formentera.","og_url":"https:\/\/geckobeachclub.com\/fr\/restaurant\/dejeuners-et-diners-prives\/","og_site_name":"Gecko Hotel &amp; Beach Club Formentera","article_modified_time":"2019-11-19T12:02:06+00:00","twitter_card":"summary_large_image","schema":{"@context":"https:\/\/schema.org","@graph":[{"@type":"WebPage","@id":"https:\/\/geckobeachclub.com\/fr\/restaurant\/dejeuners-et-diners-prives\/","url":"https:\/\/geckobeachclub.com\/fr\/restaurant\/dejeuners-et-diners-prives\/","name":"D\u00e9jeuners et d\u00eeners priv\u00e9s | Gecko Hotel &amp; Beach Club Formentera","isPartOf":{"@id":"https:\/\/geckobeachclub.com\/fr\/#website"},"datePublished":"2018-02-13T15:41:22+00:00","dateModified":"2019-11-19T12:02:06+00:00","description":"Le Gecko Hotel & Beach Club offre la possibilit\u00e9 de prendre un d\u00e9jeuner ou un d\u00eener priv\u00e9 au bord de la mer \u00e0 Formentera.","breadcrumb":{"@id":"https:\/\/geckobeachclub.com\/fr\/restaurant\/dejeuners-et-diners-prives\/#breadcrumb"},"inLanguage":"fr-FR","potentialAction":[{"@type":"ReadAction","target":["https:\/\/geckobeachclub.com\/fr\/restaurant\/dejeuners-et-diners-prives\/"]}]},{"@type":"BreadcrumbList","@id":"https:\/\/geckobeachclub.com\/fr\/restaurant\/dejeuners-et-diners-prives\/#breadcrumb","itemListElement":[{"@type":"ListItem","position":1,"name":"Home","item":"https:\/\/geckobeachclub.com\/fr\/"},{"@type":"ListItem","position":2,"name":"Restaurant","item":"https:\/\/geckobeachclub.com\/fr\/restaurant\/"},{"@type":"ListItem","position":3,"name":"D\u00e9jeuners et d\u00eeners priv\u00e9s"}]},{"@type":"WebSite","@id":"https:\/\/geckobeachclub.com\/fr\/#website","url":"https:\/\/geckobeachclub.com\/fr\/","name":"Gecko Hotel &amp; Beach Club Formentera","description":"","potentialAction":[{"@type":"SearchAction","target":{"@type":"EntryPoint","urlTemplate":"https:\/\/geckobeachclub.com\/fr\/?s={search_term_string}"},"query-input":"required name=search_term_string"}],"inLanguage":"fr-FR"}]}},"_links":{"self":[{"href":"https:\/\/geckobeachclub.com\/fr\/wp-json\/wp\/v2\/pages\/1535"}],"collection":[{"href":"https:\/\/geckobeachclub.com\/fr\/wp-json\/wp\/v2\/pages"}],"about":[{"href":"https:\/\/geckobeachclub.com\/fr\/wp-json\/wp\/v2\/types\/page"}],"author":[{"embeddable":true,"href":"https:\/\/geckobeachclub.com\/fr\/wp-json\/wp\/v2\/users\/6"}],"replies":[{"embeddable":true,"href":"https:\/\/geckobeachclub.com\/fr\/wp-json\/wp\/v2\/comments?post=1535"}],"version-history":[{"count":16,"href":"https:\/\/geckobeachclub.com\/fr\/wp-json\/wp\/v2\/pages\/1535\/revisions"}],"predecessor-version":[{"id":9548,"href":"https:\/\/geckobeachclub.com\/fr\/wp-json\/wp\/v2\/pages\/1535\/revisions\/9548"}],"up":[{"embeddable":true,"href":"https:\/\/geckobeachclub.com\/fr\/wp-json\/wp\/v2\/pages\/1518"}],"wp:attachment":[{"href":"https:\/\/geckobeachclub.com\/fr\/wp-json\/wp\/v2\/media?parent=1535"}],"curies":[{"name":"wp","href":"https:\/\/api.w.org\/{rel}","templated":true}]}}