{"id":1555,"date":"2018-01-16T10:47:39","date_gmt":"2018-01-16T10:47:39","guid":{"rendered":"https:\/\/geckobeachclub.com\/beach-club\/"},"modified":"2026-04-10T09:13:18","modified_gmt":"2026-04-10T09:13:18","slug":"beach-club","status":"publish","type":"page","link":"https:\/\/geckobeachclub.com\/fr\/beach-club\/","title":{"rendered":"Beach Club"},"content":{"rendered":"","protected":false},"excerpt":{"rendered":"","protected":false},"author":6,"featured_media":22380,"parent":0,"menu_order":0,"comment_status":"closed","ping_status":"closed","template":"templates\/template-with-retreats-beach-club.php","meta":{"inline_featured_image":false,"footnotes":""},"acf":[],"yoast_head":"<!-- This site is optimized with the Yoast SEO plugin v21.7 - https:\/\/yoast.com\/wordpress\/plugins\/seo\/ -->\n<title>Gecko Beach Club - Formentera, m\u00fasica, c\u00f3cteles frente al mar...<\/title>\n<meta name=\"description\" content=\"De d\u00eda y de noche, disfrute en nuestro Beach Club, piscina, carta de c\u00f3cteles, beach cabanas. Puede venir a pasar el d\u00eda o disfrutar de la carta mediterr\u00e1nea en nuestro restaurante. Tambi\u00e9n para eventos si quieres que tu celebraci\u00f3n sea inolvidable.\" \/>\n<meta name=\"robots\" content=\"index, follow, max-snippet:-1, max-image-preview:large, max-video-preview:-1\" \/>\n<link rel=\"canonical\" href=\"https:\/\/geckobeachclub.com\/fr\/beach-club\/\" \/>\n<meta property=\"og:locale\" content=\"fr_FR\" \/>\n<meta property=\"og:type\" content=\"article\" \/>\n<meta property=\"og:title\" content=\"Gecko Beach Club - Formentera, m\u00fasica, c\u00f3cteles frente al mar...\" \/>\n<meta property=\"og:description\" content=\"De d\u00eda y de noche, disfrute en nuestro Beach Club, piscina, carta de c\u00f3cteles, beach cabanas. Puede venir a pasar el d\u00eda o disfrutar de la carta mediterr\u00e1nea en nuestro restaurante. Tambi\u00e9n para eventos si quieres que tu celebraci\u00f3n sea inolvidable.\" \/>\n<meta property=\"og:url\" content=\"https:\/\/geckobeachclub.com\/fr\/beach-club\/\" \/>\n<meta property=\"og:site_name\" content=\"Gecko Hotel &amp; Beach Club Formentera\" \/>\n<meta property=\"article:modified_time\" content=\"2026-04-10T09:13:18+00:00\" \/>\n<meta property=\"og:image\" content=\"https:\/\/geckobeachclub.com\/wp-content\/uploads\/2018\/02\/sunrisedrinks-scaled.jpg\" \/>\n\t<meta property=\"og:image:width\" content=\"2560\" \/>\n\t<meta property=\"og:image:height\" content=\"1707\" \/>\n\t<meta property=\"og:image:type\" content=\"image\/jpeg\" \/>\n<meta name=\"twitter:card\" content=\"summary_large_image\" \/>\n<meta name=\"twitter:label1\" content=\"Dur\u00e9e de lecture est.\" \/>\n\t<meta name=\"twitter:data1\" content=\"1 minute\" \/>\n<script type=\"application\/ld+json\" class=\"yoast-schema-graph\">{\"@context\":\"https:\/\/schema.org\",\"@graph\":[{\"@type\":\"WebPage\",\"@id\":\"https:\/\/geckobeachclub.com\/fr\/beach-club\/\",\"url\":\"https:\/\/geckobeachclub.com\/fr\/beach-club\/\",\"name\":\"Gecko Beach Club - Formentera, m\u00fasica, c\u00f3cteles frente al mar...\",\"isPartOf\":{\"@id\":\"https:\/\/geckobeachclub.com\/fr\/#website\"},\"datePublished\":\"2018-01-16T10:47:39+00:00\",\"dateModified\":\"2026-04-10T09:13:18+00:00\",\"description\":\"De d\u00eda y de noche, disfrute en nuestro Beach Club, piscina, carta de c\u00f3cteles, beach cabanas. Puede venir a pasar el d\u00eda o disfrutar de la carta mediterr\u00e1nea en nuestro restaurante. Tambi\u00e9n para eventos si quieres que tu celebraci\u00f3n sea inolvidable.\",\"breadcrumb\":{\"@id\":\"https:\/\/geckobeachclub.com\/fr\/beach-club\/#breadcrumb\"},\"inLanguage\":\"fr-FR\",\"potentialAction\":[{\"@type\":\"ReadAction\",\"target\":[\"https:\/\/geckobeachclub.com\/fr\/beach-club\/\"]}]},{\"@type\":\"BreadcrumbList\",\"@id\":\"https:\/\/geckobeachclub.com\/fr\/beach-club\/#breadcrumb\",\"itemListElement\":[{\"@type\":\"ListItem\",\"position\":1,\"name\":\"Home\",\"item\":\"https:\/\/geckobeachclub.com\/fr\/\"},{\"@type\":\"ListItem\",\"position\":2,\"name\":\"Beach Club\"}]},{\"@type\":\"WebSite\",\"@id\":\"https:\/\/geckobeachclub.com\/fr\/#website\",\"url\":\"https:\/\/geckobeachclub.com\/fr\/\",\"name\":\"Gecko Hotel &amp; Beach Club Formentera\",\"description\":\"\",\"potentialAction\":[{\"@type\":\"SearchAction\",\"target\":{\"@type\":\"EntryPoint\",\"urlTemplate\":\"https:\/\/geckobeachclub.com\/fr\/?s={search_term_string}\"},\"query-input\":\"required name=search_term_string\"}],\"inLanguage\":\"fr-FR\"}]}<\/script>\n<!-- \/ Yoast SEO plugin. -->","yoast_head_json":{"title":"Gecko Beach Club - Formentera, m\u00fasica, c\u00f3cteles frente al mar...","description":"De d\u00eda y de noche, disfrute en nuestro Beach Club, piscina, carta de c\u00f3cteles, beach cabanas. Puede venir a pasar el d\u00eda o disfrutar de la carta mediterr\u00e1nea en nuestro restaurante. Tambi\u00e9n para eventos si quieres que tu celebraci\u00f3n sea inolvidable.","robots":{"index":"index","follow":"follow","max-snippet":"max-snippet:-1","max-image-preview":"max-image-preview:large","max-video-preview":"max-video-preview:-1"},"canonical":"https:\/\/geckobeachclub.com\/fr\/beach-club\/","og_locale":"fr_FR","og_type":"article","og_title":"Gecko Beach Club - Formentera, m\u00fasica, c\u00f3cteles frente al mar...","og_description":"De d\u00eda y de noche, disfrute en nuestro Beach Club, piscina, carta de c\u00f3cteles, beach cabanas. Puede venir a pasar el d\u00eda o disfrutar de la carta mediterr\u00e1nea en nuestro restaurante. Tambi\u00e9n para eventos si quieres que tu celebraci\u00f3n sea inolvidable.","og_url":"https:\/\/geckobeachclub.com\/fr\/beach-club\/","og_site_name":"Gecko Hotel &amp; Beach Club Formentera","article_modified_time":"2026-04-10T09:13:18+00:00","og_image":[{"width":2560,"height":1707,"url":"https:\/\/geckobeachclub.com\/wp-content\/uploads\/2018\/02\/sunrisedrinks-scaled.jpg","type":"image\/jpeg"}],"twitter_card":"summary_large_image","twitter_misc":{"Dur\u00e9e de lecture est.":"1 minute"},"schema":{"@context":"https:\/\/schema.org","@graph":[{"@type":"WebPage","@id":"https:\/\/geckobeachclub.com\/fr\/beach-club\/","url":"https:\/\/geckobeachclub.com\/fr\/beach-club\/","name":"Gecko Beach Club - Formentera, m\u00fasica, c\u00f3cteles frente al mar...","isPartOf":{"@id":"https:\/\/geckobeachclub.com\/fr\/#website"},"datePublished":"2018-01-16T10:47:39+00:00","dateModified":"2026-04-10T09:13:18+00:00","description":"De d\u00eda y de noche, disfrute en nuestro Beach Club, piscina, carta de c\u00f3cteles, beach cabanas. Puede venir a pasar el d\u00eda o disfrutar de la carta mediterr\u00e1nea en nuestro restaurante. Tambi\u00e9n para eventos si quieres que tu celebraci\u00f3n sea inolvidable.","breadcrumb":{"@id":"https:\/\/geckobeachclub.com\/fr\/beach-club\/#breadcrumb"},"inLanguage":"fr-FR","potentialAction":[{"@type":"ReadAction","target":["https:\/\/geckobeachclub.com\/fr\/beach-club\/"]}]},{"@type":"BreadcrumbList","@id":"https:\/\/geckobeachclub.com\/fr\/beach-club\/#breadcrumb","itemListElement":[{"@type":"ListItem","position":1,"name":"Home","item":"https:\/\/geckobeachclub.com\/fr\/"},{"@type":"ListItem","position":2,"name":"Beach Club"}]},{"@type":"WebSite","@id":"https:\/\/geckobeachclub.com\/fr\/#website","url":"https:\/\/geckobeachclub.com\/fr\/","name":"Gecko Hotel &amp; Beach Club Formentera","description":"","potentialAction":[{"@type":"SearchAction","target":{"@type":"EntryPoint","urlTemplate":"https:\/\/geckobeachclub.com\/fr\/?s={search_term_string}"},"query-input":"required name=search_term_string"}],"inLanguage":"fr-FR"}]}},"_links":{"self":[{"href":"https:\/\/geckobeachclub.com\/fr\/wp-json\/wp\/v2\/pages\/1555"}],"collection":[{"href":"https:\/\/geckobeachclub.com\/fr\/wp-json\/wp\/v2\/pages"}],"about":[{"href":"https:\/\/geckobeachclub.com\/fr\/wp-json\/wp\/v2\/types\/page"}],"author":[{"embeddable":true,"href":"https:\/\/geckobeachclub.com\/fr\/wp-json\/wp\/v2\/users\/6"}],"replies":[{"embeddable":true,"href":"https:\/\/geckobeachclub.com\/fr\/wp-json\/wp\/v2\/comments?post=1555"}],"version-history":[{"count":35,"href":"https:\/\/geckobeachclub.com\/fr\/wp-json\/wp\/v2\/pages\/1555\/revisions"}],"predecessor-version":[{"id":41261,"href":"https:\/\/geckobeachclub.com\/fr\/wp-json\/wp\/v2\/pages\/1555\/revisions\/41261"}],"wp:featuredmedia":[{"embeddable":true,"href":"https:\/\/geckobeachclub.com\/fr\/wp-json\/wp\/v2\/media\/22380"}],"wp:attachment":[{"href":"https:\/\/geckobeachclub.com\/fr\/wp-json\/wp\/v2\/media?parent=1555"}],"curies":[{"name":"wp","href":"https:\/\/api.w.org\/{rel}","templated":true}]}}