{"id":1602,"date":"2018-02-19T10:22:34","date_gmt":"2018-02-19T10:22:34","guid":{"rendered":"https:\/\/geckobeachclub.com\/evenements\/wedding-planner\/"},"modified":"2020-09-22T11:40:36","modified_gmt":"2020-09-22T11:40:36","slug":"mariages-a-formentera","status":"publish","type":"page","link":"https:\/\/geckobeachclub.com\/fr\/mariages-a-formentera\/","title":{"rendered":"Mariages face \u00e0 la mer"},"content":{"rendered":"","protected":false},"excerpt":{"rendered":"","protected":false},"author":6,"featured_media":0,"parent":0,"menu_order":1,"comment_status":"closed","ping_status":"closed","template":"templates\/template-with-retreats-beach-club.php","meta":{"inline_featured_image":false,"footnotes":""},"acf":[],"yoast_head":"<!-- This site is optimized with the Yoast SEO plugin v21.7 - https:\/\/yoast.com\/wordpress\/plugins\/seo\/ -->\n<title>Mariages face \u00e0 la mer | Gecko Hotel &amp; Beach Club Formentera<\/title>\n<meta name=\"description\" content=\"C\u00e9l\u00e9brez votre mariage \u00e0 Formentera avec Gecko Hotel &amp; Beach Club. Une journ\u00e9e de r\u00eave face \u00e0 la mer M\u00e9diterran\u00e9e et avec le meilleur service.\" \/>\n<meta name=\"robots\" content=\"index, follow, max-snippet:-1, max-image-preview:large, max-video-preview:-1\" \/>\n<link rel=\"canonical\" href=\"https:\/\/geckobeachclub.com\/fr\/mariages-a-formentera\/\" \/>\n<meta property=\"og:locale\" content=\"fr_FR\" \/>\n<meta property=\"og:type\" content=\"article\" \/>\n<meta property=\"og:title\" content=\"Mariages face \u00e0 la mer | Gecko Hotel &amp; Beach Club Formentera\" \/>\n<meta property=\"og:description\" content=\"C\u00e9l\u00e9brez votre mariage \u00e0 Formentera avec Gecko Hotel &amp; Beach Club. Une journ\u00e9e de r\u00eave face \u00e0 la mer M\u00e9diterran\u00e9e et avec le meilleur service.\" \/>\n<meta property=\"og:url\" content=\"https:\/\/geckobeachclub.com\/fr\/mariages-a-formentera\/\" \/>\n<meta property=\"og:site_name\" content=\"Gecko Hotel &amp; Beach Club Formentera\" \/>\n<meta property=\"article:modified_time\" content=\"2020-09-22T11:40:36+00:00\" \/>\n<meta name=\"twitter:card\" content=\"summary_large_image\" \/>\n<script type=\"application\/ld+json\" class=\"yoast-schema-graph\">{\"@context\":\"https:\/\/schema.org\",\"@graph\":[{\"@type\":\"WebPage\",\"@id\":\"https:\/\/geckobeachclub.com\/fr\/mariages-a-formentera\/\",\"url\":\"https:\/\/geckobeachclub.com\/fr\/mariages-a-formentera\/\",\"name\":\"Mariages face \u00e0 la mer | Gecko Hotel &amp; Beach Club Formentera\",\"isPartOf\":{\"@id\":\"https:\/\/geckobeachclub.com\/fr\/#website\"},\"datePublished\":\"2018-02-19T10:22:34+00:00\",\"dateModified\":\"2020-09-22T11:40:36+00:00\",\"description\":\"C\u00e9l\u00e9brez votre mariage \u00e0 Formentera avec Gecko Hotel & Beach Club. Une journ\u00e9e de r\u00eave face \u00e0 la mer M\u00e9diterran\u00e9e et avec le meilleur service.\",\"breadcrumb\":{\"@id\":\"https:\/\/geckobeachclub.com\/fr\/mariages-a-formentera\/#breadcrumb\"},\"inLanguage\":\"fr-FR\",\"potentialAction\":[{\"@type\":\"ReadAction\",\"target\":[\"https:\/\/geckobeachclub.com\/fr\/mariages-a-formentera\/\"]}]},{\"@type\":\"BreadcrumbList\",\"@id\":\"https:\/\/geckobeachclub.com\/fr\/mariages-a-formentera\/#breadcrumb\",\"itemListElement\":[{\"@type\":\"ListItem\",\"position\":1,\"name\":\"Home\",\"item\":\"https:\/\/geckobeachclub.com\/fr\/\"},{\"@type\":\"ListItem\",\"position\":2,\"name\":\"Mariages et \u00e9v\u00e9nements\",\"item\":\"https:\/\/geckobeachclub.com\/fr\/mariages-et-evenements\/\"},{\"@type\":\"ListItem\",\"position\":3,\"name\":\"Mariages face \u00e0 la mer\"}]},{\"@type\":\"WebSite\",\"@id\":\"https:\/\/geckobeachclub.com\/fr\/#website\",\"url\":\"https:\/\/geckobeachclub.com\/fr\/\",\"name\":\"Gecko Hotel &amp; Beach Club Formentera\",\"description\":\"\",\"potentialAction\":[{\"@type\":\"SearchAction\",\"target\":{\"@type\":\"EntryPoint\",\"urlTemplate\":\"https:\/\/geckobeachclub.com\/fr\/?s={search_term_string}\"},\"query-input\":\"required name=search_term_string\"}],\"inLanguage\":\"fr-FR\"}]}<\/script>\n<!-- \/ Yoast SEO plugin. -->","yoast_head_json":{"title":"Mariages face \u00e0 la mer | Gecko Hotel &amp; Beach Club Formentera","description":"C\u00e9l\u00e9brez votre mariage \u00e0 Formentera avec Gecko Hotel & Beach Club. Une journ\u00e9e de r\u00eave face \u00e0 la mer M\u00e9diterran\u00e9e et avec le meilleur service.","robots":{"index":"index","follow":"follow","max-snippet":"max-snippet:-1","max-image-preview":"max-image-preview:large","max-video-preview":"max-video-preview:-1"},"canonical":"https:\/\/geckobeachclub.com\/fr\/mariages-a-formentera\/","og_locale":"fr_FR","og_type":"article","og_title":"Mariages face \u00e0 la mer | Gecko Hotel &amp; Beach Club Formentera","og_description":"C\u00e9l\u00e9brez votre mariage \u00e0 Formentera avec Gecko Hotel & Beach Club. Une journ\u00e9e de r\u00eave face \u00e0 la mer M\u00e9diterran\u00e9e et avec le meilleur service.","og_url":"https:\/\/geckobeachclub.com\/fr\/mariages-a-formentera\/","og_site_name":"Gecko Hotel &amp; Beach Club Formentera","article_modified_time":"2020-09-22T11:40:36+00:00","twitter_card":"summary_large_image","schema":{"@context":"https:\/\/schema.org","@graph":[{"@type":"WebPage","@id":"https:\/\/geckobeachclub.com\/fr\/mariages-a-formentera\/","url":"https:\/\/geckobeachclub.com\/fr\/mariages-a-formentera\/","name":"Mariages face \u00e0 la mer | Gecko Hotel &amp; Beach Club Formentera","isPartOf":{"@id":"https:\/\/geckobeachclub.com\/fr\/#website"},"datePublished":"2018-02-19T10:22:34+00:00","dateModified":"2020-09-22T11:40:36+00:00","description":"C\u00e9l\u00e9brez votre mariage \u00e0 Formentera avec Gecko Hotel & Beach Club. Une journ\u00e9e de r\u00eave face \u00e0 la mer M\u00e9diterran\u00e9e et avec le meilleur service.","breadcrumb":{"@id":"https:\/\/geckobeachclub.com\/fr\/mariages-a-formentera\/#breadcrumb"},"inLanguage":"fr-FR","potentialAction":[{"@type":"ReadAction","target":["https:\/\/geckobeachclub.com\/fr\/mariages-a-formentera\/"]}]},{"@type":"BreadcrumbList","@id":"https:\/\/geckobeachclub.com\/fr\/mariages-a-formentera\/#breadcrumb","itemListElement":[{"@type":"ListItem","position":1,"name":"Home","item":"https:\/\/geckobeachclub.com\/fr\/"},{"@type":"ListItem","position":2,"name":"Mariages et \u00e9v\u00e9nements","item":"https:\/\/geckobeachclub.com\/fr\/mariages-et-evenements\/"},{"@type":"ListItem","position":3,"name":"Mariages face \u00e0 la mer"}]},{"@type":"WebSite","@id":"https:\/\/geckobeachclub.com\/fr\/#website","url":"https:\/\/geckobeachclub.com\/fr\/","name":"Gecko Hotel &amp; Beach Club Formentera","description":"","potentialAction":[{"@type":"SearchAction","target":{"@type":"EntryPoint","urlTemplate":"https:\/\/geckobeachclub.com\/fr\/?s={search_term_string}"},"query-input":"required name=search_term_string"}],"inLanguage":"fr-FR"}]}},"_links":{"self":[{"href":"https:\/\/geckobeachclub.com\/fr\/wp-json\/wp\/v2\/pages\/1602"}],"collection":[{"href":"https:\/\/geckobeachclub.com\/fr\/wp-json\/wp\/v2\/pages"}],"about":[{"href":"https:\/\/geckobeachclub.com\/fr\/wp-json\/wp\/v2\/types\/page"}],"author":[{"embeddable":true,"href":"https:\/\/geckobeachclub.com\/fr\/wp-json\/wp\/v2\/users\/6"}],"replies":[{"embeddable":true,"href":"https:\/\/geckobeachclub.com\/fr\/wp-json\/wp\/v2\/comments?post=1602"}],"version-history":[{"count":17,"href":"https:\/\/geckobeachclub.com\/fr\/wp-json\/wp\/v2\/pages\/1602\/revisions"}],"predecessor-version":[{"id":10671,"href":"https:\/\/geckobeachclub.com\/fr\/wp-json\/wp\/v2\/pages\/1602\/revisions\/10671"}],"wp:attachment":[{"href":"https:\/\/geckobeachclub.com\/fr\/wp-json\/wp\/v2\/media?parent=1602"}],"curies":[{"name":"wp","href":"https:\/\/api.w.org\/{rel}","templated":true}]}}