{"id":1637,"date":"2018-02-19T10:43:07","date_gmt":"2018-02-19T10:43:07","guid":{"rendered":"https:\/\/geckobeachclub.com\/yoga-and-wellness\/yoga-retreats\/"},"modified":"2025-11-17T15:37:22","modified_gmt":"2025-11-17T15:37:22","slug":"retraites-yoga","status":"publish","type":"page","link":"https:\/\/geckobeachclub.com\/fr\/activites\/retraites-yoga\/","title":{"rendered":"Retraites yoga"},"content":{"rendered":"","protected":false},"excerpt":{"rendered":"","protected":false},"author":6,"featured_media":0,"parent":1612,"menu_order":0,"comment_status":"closed","ping_status":"closed","template":"templates\/template-with-retreats.php","meta":{"inline_featured_image":false,"footnotes":""},"acf":[],"yoast_head":"<!-- This site is optimized with the Yoast SEO plugin v21.7 - https:\/\/yoast.com\/wordpress\/plugins\/seo\/ -->\n<title>Retraites yoga | Gecko Hotel &amp; Beach Club Formentera<\/title>\n<meta name=\"description\" content=\"Retraites de yoga au Gecko Beach Club Formentera adapt\u00e9es \u00e0 tous les niveaux, avec des professeurs qualifi\u00e9s, face \u00e0 la mer M\u00e9diterran\u00e9e.\" \/>\n<meta name=\"robots\" content=\"index, follow, max-snippet:-1, max-image-preview:large, max-video-preview:-1\" \/>\n<link rel=\"canonical\" href=\"https:\/\/geckobeachclub.com\/fr\/activites\/retraites-yoga\/\" \/>\n<meta property=\"og:locale\" content=\"fr_FR\" \/>\n<meta property=\"og:type\" content=\"article\" \/>\n<meta property=\"og:title\" content=\"Retraites yoga | Gecko Hotel &amp; Beach Club Formentera\" \/>\n<meta property=\"og:description\" content=\"Retraites de yoga au Gecko Beach Club Formentera adapt\u00e9es \u00e0 tous les niveaux, avec des professeurs qualifi\u00e9s, face \u00e0 la mer M\u00e9diterran\u00e9e.\" \/>\n<meta property=\"og:url\" content=\"https:\/\/geckobeachclub.com\/fr\/activites\/retraites-yoga\/\" \/>\n<meta property=\"og:site_name\" content=\"Gecko Hotel &amp; Beach Club Formentera\" \/>\n<meta property=\"article:modified_time\" content=\"2025-11-17T15:37:22+00:00\" \/>\n<meta name=\"twitter:card\" content=\"summary_large_image\" \/>\n<script type=\"application\/ld+json\" class=\"yoast-schema-graph\">{\"@context\":\"https:\/\/schema.org\",\"@graph\":[{\"@type\":\"WebPage\",\"@id\":\"https:\/\/geckobeachclub.com\/fr\/activites\/retraites-yoga\/\",\"url\":\"https:\/\/geckobeachclub.com\/fr\/activites\/retraites-yoga\/\",\"name\":\"Retraites yoga | Gecko Hotel &amp; Beach Club Formentera\",\"isPartOf\":{\"@id\":\"https:\/\/geckobeachclub.com\/fr\/#website\"},\"datePublished\":\"2018-02-19T10:43:07+00:00\",\"dateModified\":\"2025-11-17T15:37:22+00:00\",\"description\":\"Retraites de yoga au Gecko Beach Club Formentera adapt\u00e9es \u00e0 tous les niveaux, avec des professeurs qualifi\u00e9s, face \u00e0 la mer M\u00e9diterran\u00e9e.\",\"breadcrumb\":{\"@id\":\"https:\/\/geckobeachclub.com\/fr\/activites\/retraites-yoga\/#breadcrumb\"},\"inLanguage\":\"fr-FR\",\"potentialAction\":[{\"@type\":\"ReadAction\",\"target\":[\"https:\/\/geckobeachclub.com\/fr\/activites\/retraites-yoga\/\"]}]},{\"@type\":\"BreadcrumbList\",\"@id\":\"https:\/\/geckobeachclub.com\/fr\/activites\/retraites-yoga\/#breadcrumb\",\"itemListElement\":[{\"@type\":\"ListItem\",\"position\":1,\"name\":\"Home\",\"item\":\"https:\/\/geckobeachclub.com\/fr\/\"},{\"@type\":\"ListItem\",\"position\":2,\"name\":\"Activit\u00e9s des geckos\",\"item\":\"https:\/\/geckobeachclub.com\/fr\/activites\/\"},{\"@type\":\"ListItem\",\"position\":3,\"name\":\"Retraites yoga\"}]},{\"@type\":\"WebSite\",\"@id\":\"https:\/\/geckobeachclub.com\/fr\/#website\",\"url\":\"https:\/\/geckobeachclub.com\/fr\/\",\"name\":\"Gecko Hotel &amp; Beach Club Formentera\",\"description\":\"\",\"potentialAction\":[{\"@type\":\"SearchAction\",\"target\":{\"@type\":\"EntryPoint\",\"urlTemplate\":\"https:\/\/geckobeachclub.com\/fr\/?s={search_term_string}\"},\"query-input\":\"required name=search_term_string\"}],\"inLanguage\":\"fr-FR\"}]}<\/script>\n<!-- \/ Yoast SEO plugin. -->","yoast_head_json":{"title":"Retraites yoga | Gecko Hotel &amp; Beach Club Formentera","description":"Retraites de yoga au Gecko Beach Club Formentera adapt\u00e9es \u00e0 tous les niveaux, avec des professeurs qualifi\u00e9s, face \u00e0 la mer M\u00e9diterran\u00e9e.","robots":{"index":"index","follow":"follow","max-snippet":"max-snippet:-1","max-image-preview":"max-image-preview:large","max-video-preview":"max-video-preview:-1"},"canonical":"https:\/\/geckobeachclub.com\/fr\/activites\/retraites-yoga\/","og_locale":"fr_FR","og_type":"article","og_title":"Retraites yoga | Gecko Hotel &amp; Beach Club Formentera","og_description":"Retraites de yoga au Gecko Beach Club Formentera adapt\u00e9es \u00e0 tous les niveaux, avec des professeurs qualifi\u00e9s, face \u00e0 la mer M\u00e9diterran\u00e9e.","og_url":"https:\/\/geckobeachclub.com\/fr\/activites\/retraites-yoga\/","og_site_name":"Gecko Hotel &amp; Beach Club Formentera","article_modified_time":"2025-11-17T15:37:22+00:00","twitter_card":"summary_large_image","schema":{"@context":"https:\/\/schema.org","@graph":[{"@type":"WebPage","@id":"https:\/\/geckobeachclub.com\/fr\/activites\/retraites-yoga\/","url":"https:\/\/geckobeachclub.com\/fr\/activites\/retraites-yoga\/","name":"Retraites yoga | Gecko Hotel &amp; Beach Club Formentera","isPartOf":{"@id":"https:\/\/geckobeachclub.com\/fr\/#website"},"datePublished":"2018-02-19T10:43:07+00:00","dateModified":"2025-11-17T15:37:22+00:00","description":"Retraites de yoga au Gecko Beach Club Formentera adapt\u00e9es \u00e0 tous les niveaux, avec des professeurs qualifi\u00e9s, face \u00e0 la mer M\u00e9diterran\u00e9e.","breadcrumb":{"@id":"https:\/\/geckobeachclub.com\/fr\/activites\/retraites-yoga\/#breadcrumb"},"inLanguage":"fr-FR","potentialAction":[{"@type":"ReadAction","target":["https:\/\/geckobeachclub.com\/fr\/activites\/retraites-yoga\/"]}]},{"@type":"BreadcrumbList","@id":"https:\/\/geckobeachclub.com\/fr\/activites\/retraites-yoga\/#breadcrumb","itemListElement":[{"@type":"ListItem","position":1,"name":"Home","item":"https:\/\/geckobeachclub.com\/fr\/"},{"@type":"ListItem","position":2,"name":"Activit\u00e9s des geckos","item":"https:\/\/geckobeachclub.com\/fr\/activites\/"},{"@type":"ListItem","position":3,"name":"Retraites yoga"}]},{"@type":"WebSite","@id":"https:\/\/geckobeachclub.com\/fr\/#website","url":"https:\/\/geckobeachclub.com\/fr\/","name":"Gecko Hotel &amp; Beach Club Formentera","description":"","potentialAction":[{"@type":"SearchAction","target":{"@type":"EntryPoint","urlTemplate":"https:\/\/geckobeachclub.com\/fr\/?s={search_term_string}"},"query-input":"required name=search_term_string"}],"inLanguage":"fr-FR"}]}},"_links":{"self":[{"href":"https:\/\/geckobeachclub.com\/fr\/wp-json\/wp\/v2\/pages\/1637"}],"collection":[{"href":"https:\/\/geckobeachclub.com\/fr\/wp-json\/wp\/v2\/pages"}],"about":[{"href":"https:\/\/geckobeachclub.com\/fr\/wp-json\/wp\/v2\/types\/page"}],"author":[{"embeddable":true,"href":"https:\/\/geckobeachclub.com\/fr\/wp-json\/wp\/v2\/users\/6"}],"replies":[{"embeddable":true,"href":"https:\/\/geckobeachclub.com\/fr\/wp-json\/wp\/v2\/comments?post=1637"}],"version-history":[{"count":52,"href":"https:\/\/geckobeachclub.com\/fr\/wp-json\/wp\/v2\/pages\/1637\/revisions"}],"predecessor-version":[{"id":40426,"href":"https:\/\/geckobeachclub.com\/fr\/wp-json\/wp\/v2\/pages\/1637\/revisions\/40426"}],"up":[{"embeddable":true,"href":"https:\/\/geckobeachclub.com\/fr\/wp-json\/wp\/v2\/pages\/1612"}],"wp:attachment":[{"href":"https:\/\/geckobeachclub.com\/fr\/wp-json\/wp\/v2\/media?parent=1637"}],"curies":[{"name":"wp","href":"https:\/\/api.w.org\/{rel}","templated":true}]}}