{"id":34464,"date":"2024-09-26T15:31:04","date_gmt":"2024-09-26T15:31:04","guid":{"rendered":"https:\/\/geckobeachclub.com\/?page_id=34464"},"modified":"2024-09-26T15:31:04","modified_gmt":"2024-09-26T15:31:04","slug":"soin-personnes-culture-patrimoine","status":"publish","type":"page","link":"https:\/\/geckobeachclub.com\/fr\/environnement\/soin-personnes-culture-patrimoine\/","title":{"rendered":"Soin des Personnes, de la Culture et du Patrimoine"},"content":{"rendered":"","protected":false},"excerpt":{"rendered":"","protected":false},"author":6,"featured_media":0,"parent":3571,"menu_order":2,"comment_status":"closed","ping_status":"closed","template":"templates\/template-with-retreats.php","meta":{"inline_featured_image":false,"footnotes":""},"acf":[],"yoast_head":"<!-- This site is optimized with the Yoast SEO plugin v21.7 - https:\/\/yoast.com\/wordpress\/plugins\/seo\/ -->\n<title>Soin des Personnes, de la Culture et du Patrimoine | Gecko Hotel &amp; Beach Club Formentera<\/title>\n<meta name=\"description\" content=\"Retraites de yoga au Gecko Beach Club Formentera adapt\u00e9es \u00e0 tous les niveaux, avec des professeurs qualifi\u00e9s, face \u00e0 la mer M\u00e9diterran\u00e9e.\" \/>\n<meta name=\"robots\" content=\"index, follow, max-snippet:-1, max-image-preview:large, max-video-preview:-1\" \/>\n<link rel=\"canonical\" href=\"https:\/\/geckobeachclub.com\/fr\/environnement\/soin-personnes-culture-patrimoine\/\" \/>\n<meta property=\"og:locale\" content=\"fr_FR\" \/>\n<meta property=\"og:type\" content=\"article\" \/>\n<meta property=\"og:title\" content=\"Soin des Personnes, de la Culture et du Patrimoine | Gecko Hotel &amp; Beach Club Formentera\" \/>\n<meta property=\"og:description\" content=\"Retraites de yoga au Gecko Beach Club Formentera adapt\u00e9es \u00e0 tous les niveaux, avec des professeurs qualifi\u00e9s, face \u00e0 la mer M\u00e9diterran\u00e9e.\" \/>\n<meta property=\"og:url\" content=\"https:\/\/geckobeachclub.com\/fr\/environnement\/soin-personnes-culture-patrimoine\/\" \/>\n<meta property=\"og:site_name\" content=\"Gecko Hotel &amp; Beach Club Formentera\" \/>\n<meta name=\"twitter:card\" content=\"summary_large_image\" \/>\n<script type=\"application\/ld+json\" class=\"yoast-schema-graph\">{\"@context\":\"https:\/\/schema.org\",\"@graph\":[{\"@type\":\"WebPage\",\"@id\":\"https:\/\/geckobeachclub.com\/fr\/environnement\/soin-personnes-culture-patrimoine\/\",\"url\":\"https:\/\/geckobeachclub.com\/fr\/environnement\/soin-personnes-culture-patrimoine\/\",\"name\":\"Soin des Personnes, de la Culture et du Patrimoine | Gecko Hotel &amp; Beach Club Formentera\",\"isPartOf\":{\"@id\":\"https:\/\/geckobeachclub.com\/fr\/#website\"},\"datePublished\":\"2024-09-26T15:31:04+00:00\",\"dateModified\":\"2024-09-26T15:31:04+00:00\",\"description\":\"Retraites de yoga au Gecko Beach Club Formentera adapt\u00e9es \u00e0 tous les niveaux, avec des professeurs qualifi\u00e9s, face \u00e0 la mer M\u00e9diterran\u00e9e.\",\"breadcrumb\":{\"@id\":\"https:\/\/geckobeachclub.com\/fr\/environnement\/soin-personnes-culture-patrimoine\/#breadcrumb\"},\"inLanguage\":\"fr-FR\",\"potentialAction\":[{\"@type\":\"ReadAction\",\"target\":[\"https:\/\/geckobeachclub.com\/fr\/environnement\/soin-personnes-culture-patrimoine\/\"]}]},{\"@type\":\"BreadcrumbList\",\"@id\":\"https:\/\/geckobeachclub.com\/fr\/environnement\/soin-personnes-culture-patrimoine\/#breadcrumb\",\"itemListElement\":[{\"@type\":\"ListItem\",\"position\":1,\"name\":\"Home\",\"item\":\"https:\/\/geckobeachclub.com\/fr\/\"},{\"@type\":\"ListItem\",\"position\":2,\"name\":\"Environnement\",\"item\":\"https:\/\/geckobeachclub.com\/fr\/environnement\/\"},{\"@type\":\"ListItem\",\"position\":3,\"name\":\"Soin des Personnes, de la Culture et du Patrimoine\"}]},{\"@type\":\"WebSite\",\"@id\":\"https:\/\/geckobeachclub.com\/fr\/#website\",\"url\":\"https:\/\/geckobeachclub.com\/fr\/\",\"name\":\"Gecko Hotel &amp; Beach Club Formentera\",\"description\":\"\",\"potentialAction\":[{\"@type\":\"SearchAction\",\"target\":{\"@type\":\"EntryPoint\",\"urlTemplate\":\"https:\/\/geckobeachclub.com\/fr\/?s={search_term_string}\"},\"query-input\":\"required name=search_term_string\"}],\"inLanguage\":\"fr-FR\"}]}<\/script>\n<!-- \/ Yoast SEO plugin. -->","yoast_head_json":{"title":"Soin des Personnes, de la Culture et du Patrimoine | Gecko Hotel &amp; Beach Club Formentera","description":"Retraites de yoga au Gecko Beach Club Formentera adapt\u00e9es \u00e0 tous les niveaux, avec des professeurs qualifi\u00e9s, face \u00e0 la mer M\u00e9diterran\u00e9e.","robots":{"index":"index","follow":"follow","max-snippet":"max-snippet:-1","max-image-preview":"max-image-preview:large","max-video-preview":"max-video-preview:-1"},"canonical":"https:\/\/geckobeachclub.com\/fr\/environnement\/soin-personnes-culture-patrimoine\/","og_locale":"fr_FR","og_type":"article","og_title":"Soin des Personnes, de la Culture et du Patrimoine | Gecko Hotel &amp; Beach Club Formentera","og_description":"Retraites de yoga au Gecko Beach Club Formentera adapt\u00e9es \u00e0 tous les niveaux, avec des professeurs qualifi\u00e9s, face \u00e0 la mer M\u00e9diterran\u00e9e.","og_url":"https:\/\/geckobeachclub.com\/fr\/environnement\/soin-personnes-culture-patrimoine\/","og_site_name":"Gecko Hotel &amp; Beach Club Formentera","twitter_card":"summary_large_image","schema":{"@context":"https:\/\/schema.org","@graph":[{"@type":"WebPage","@id":"https:\/\/geckobeachclub.com\/fr\/environnement\/soin-personnes-culture-patrimoine\/","url":"https:\/\/geckobeachclub.com\/fr\/environnement\/soin-personnes-culture-patrimoine\/","name":"Soin des Personnes, de la Culture et du Patrimoine | Gecko Hotel &amp; Beach Club Formentera","isPartOf":{"@id":"https:\/\/geckobeachclub.com\/fr\/#website"},"datePublished":"2024-09-26T15:31:04+00:00","dateModified":"2024-09-26T15:31:04+00:00","description":"Retraites de yoga au Gecko Beach Club Formentera adapt\u00e9es \u00e0 tous les niveaux, avec des professeurs qualifi\u00e9s, face \u00e0 la mer M\u00e9diterran\u00e9e.","breadcrumb":{"@id":"https:\/\/geckobeachclub.com\/fr\/environnement\/soin-personnes-culture-patrimoine\/#breadcrumb"},"inLanguage":"fr-FR","potentialAction":[{"@type":"ReadAction","target":["https:\/\/geckobeachclub.com\/fr\/environnement\/soin-personnes-culture-patrimoine\/"]}]},{"@type":"BreadcrumbList","@id":"https:\/\/geckobeachclub.com\/fr\/environnement\/soin-personnes-culture-patrimoine\/#breadcrumb","itemListElement":[{"@type":"ListItem","position":1,"name":"Home","item":"https:\/\/geckobeachclub.com\/fr\/"},{"@type":"ListItem","position":2,"name":"Environnement","item":"https:\/\/geckobeachclub.com\/fr\/environnement\/"},{"@type":"ListItem","position":3,"name":"Soin des Personnes, de la Culture et du Patrimoine"}]},{"@type":"WebSite","@id":"https:\/\/geckobeachclub.com\/fr\/#website","url":"https:\/\/geckobeachclub.com\/fr\/","name":"Gecko Hotel &amp; Beach Club Formentera","description":"","potentialAction":[{"@type":"SearchAction","target":{"@type":"EntryPoint","urlTemplate":"https:\/\/geckobeachclub.com\/fr\/?s={search_term_string}"},"query-input":"required name=search_term_string"}],"inLanguage":"fr-FR"}]}},"_links":{"self":[{"href":"https:\/\/geckobeachclub.com\/fr\/wp-json\/wp\/v2\/pages\/34464"}],"collection":[{"href":"https:\/\/geckobeachclub.com\/fr\/wp-json\/wp\/v2\/pages"}],"about":[{"href":"https:\/\/geckobeachclub.com\/fr\/wp-json\/wp\/v2\/types\/page"}],"author":[{"embeddable":true,"href":"https:\/\/geckobeachclub.com\/fr\/wp-json\/wp\/v2\/users\/6"}],"replies":[{"embeddable":true,"href":"https:\/\/geckobeachclub.com\/fr\/wp-json\/wp\/v2\/comments?post=34464"}],"version-history":[{"count":1,"href":"https:\/\/geckobeachclub.com\/fr\/wp-json\/wp\/v2\/pages\/34464\/revisions"}],"predecessor-version":[{"id":34563,"href":"https:\/\/geckobeachclub.com\/fr\/wp-json\/wp\/v2\/pages\/34464\/revisions\/34563"}],"up":[{"embeddable":true,"href":"https:\/\/geckobeachclub.com\/fr\/wp-json\/wp\/v2\/pages\/3571"}],"wp:attachment":[{"href":"https:\/\/geckobeachclub.com\/fr\/wp-json\/wp\/v2\/media?parent=34464"}],"curies":[{"name":"wp","href":"https:\/\/api.w.org\/{rel}","templated":true}]}}