{"id":3834,"date":"2018-08-16T09:51:59","date_gmt":"2018-08-16T09:51:59","guid":{"rendered":"https:\/\/geckobeachclub.com\/bodas-y-eventos\/celebraciones-especiales\/"},"modified":"2019-11-28T15:51:03","modified_gmt":"2019-11-28T15:51:03","slug":"celebrations-speciales","status":"publish","type":"page","link":"https:\/\/geckobeachclub.com\/fr\/celebrations-speciales\/","title":{"rendered":"C\u00e9l\u00e9brations sp\u00e9ciales"},"content":{"rendered":"","protected":false},"excerpt":{"rendered":"","protected":false},"author":6,"featured_media":0,"parent":0,"menu_order":2,"comment_status":"closed","ping_status":"closed","template":"templates\/template-with-retreats-beach-club.php","meta":{"inline_featured_image":false,"footnotes":""},"acf":[],"yoast_head":"<!-- This site is optimized with the Yoast SEO plugin v21.7 - https:\/\/yoast.com\/wordpress\/plugins\/seo\/ -->\n<title>C\u00e9l\u00e9brations sp\u00e9ciales | Gecko Hotel &amp; Beach Club Formentera<\/title>\n<meta name=\"robots\" content=\"index, follow, max-snippet:-1, max-image-preview:large, max-video-preview:-1\" \/>\n<link rel=\"canonical\" href=\"https:\/\/geckobeachclub.com\/fr\/celebrations-speciales\/\" \/>\n<meta property=\"og:locale\" content=\"fr_FR\" \/>\n<meta property=\"og:type\" content=\"article\" \/>\n<meta property=\"og:title\" content=\"C\u00e9l\u00e9brations sp\u00e9ciales | Gecko Hotel &amp; Beach Club Formentera\" \/>\n<meta property=\"og:url\" content=\"https:\/\/geckobeachclub.com\/fr\/celebrations-speciales\/\" \/>\n<meta property=\"og:site_name\" content=\"Gecko Hotel &amp; Beach Club Formentera\" \/>\n<meta property=\"article:modified_time\" content=\"2019-11-28T15:51:03+00:00\" \/>\n<meta name=\"twitter:card\" content=\"summary_large_image\" \/>\n<script type=\"application\/ld+json\" class=\"yoast-schema-graph\">{\"@context\":\"https:\/\/schema.org\",\"@graph\":[{\"@type\":\"WebPage\",\"@id\":\"https:\/\/geckobeachclub.com\/fr\/celebrations-speciales\/\",\"url\":\"https:\/\/geckobeachclub.com\/fr\/celebrations-speciales\/\",\"name\":\"C\u00e9l\u00e9brations sp\u00e9ciales | Gecko Hotel &amp; Beach Club Formentera\",\"isPartOf\":{\"@id\":\"https:\/\/geckobeachclub.com\/fr\/#website\"},\"datePublished\":\"2018-08-16T09:51:59+00:00\",\"dateModified\":\"2019-11-28T15:51:03+00:00\",\"breadcrumb\":{\"@id\":\"https:\/\/geckobeachclub.com\/fr\/celebrations-speciales\/#breadcrumb\"},\"inLanguage\":\"fr-FR\",\"potentialAction\":[{\"@type\":\"ReadAction\",\"target\":[\"https:\/\/geckobeachclub.com\/fr\/celebrations-speciales\/\"]}]},{\"@type\":\"BreadcrumbList\",\"@id\":\"https:\/\/geckobeachclub.com\/fr\/celebrations-speciales\/#breadcrumb\",\"itemListElement\":[{\"@type\":\"ListItem\",\"position\":1,\"name\":\"Home\",\"item\":\"https:\/\/geckobeachclub.com\/fr\/\"},{\"@type\":\"ListItem\",\"position\":2,\"name\":\"Mariages et \u00e9v\u00e9nements\",\"item\":\"https:\/\/geckobeachclub.com\/fr\/mariages-et-evenements\/\"},{\"@type\":\"ListItem\",\"position\":3,\"name\":\"C\u00e9l\u00e9brations sp\u00e9ciales\"}]},{\"@type\":\"WebSite\",\"@id\":\"https:\/\/geckobeachclub.com\/fr\/#website\",\"url\":\"https:\/\/geckobeachclub.com\/fr\/\",\"name\":\"Gecko Hotel &amp; Beach Club Formentera\",\"description\":\"\",\"potentialAction\":[{\"@type\":\"SearchAction\",\"target\":{\"@type\":\"EntryPoint\",\"urlTemplate\":\"https:\/\/geckobeachclub.com\/fr\/?s={search_term_string}\"},\"query-input\":\"required name=search_term_string\"}],\"inLanguage\":\"fr-FR\"}]}<\/script>\n<!-- \/ Yoast SEO plugin. -->","yoast_head_json":{"title":"C\u00e9l\u00e9brations sp\u00e9ciales | Gecko Hotel &amp; Beach Club Formentera","robots":{"index":"index","follow":"follow","max-snippet":"max-snippet:-1","max-image-preview":"max-image-preview:large","max-video-preview":"max-video-preview:-1"},"canonical":"https:\/\/geckobeachclub.com\/fr\/celebrations-speciales\/","og_locale":"fr_FR","og_type":"article","og_title":"C\u00e9l\u00e9brations sp\u00e9ciales | Gecko Hotel &amp; Beach Club Formentera","og_url":"https:\/\/geckobeachclub.com\/fr\/celebrations-speciales\/","og_site_name":"Gecko Hotel &amp; Beach Club Formentera","article_modified_time":"2019-11-28T15:51:03+00:00","twitter_card":"summary_large_image","schema":{"@context":"https:\/\/schema.org","@graph":[{"@type":"WebPage","@id":"https:\/\/geckobeachclub.com\/fr\/celebrations-speciales\/","url":"https:\/\/geckobeachclub.com\/fr\/celebrations-speciales\/","name":"C\u00e9l\u00e9brations sp\u00e9ciales | Gecko Hotel &amp; Beach Club Formentera","isPartOf":{"@id":"https:\/\/geckobeachclub.com\/fr\/#website"},"datePublished":"2018-08-16T09:51:59+00:00","dateModified":"2019-11-28T15:51:03+00:00","breadcrumb":{"@id":"https:\/\/geckobeachclub.com\/fr\/celebrations-speciales\/#breadcrumb"},"inLanguage":"fr-FR","potentialAction":[{"@type":"ReadAction","target":["https:\/\/geckobeachclub.com\/fr\/celebrations-speciales\/"]}]},{"@type":"BreadcrumbList","@id":"https:\/\/geckobeachclub.com\/fr\/celebrations-speciales\/#breadcrumb","itemListElement":[{"@type":"ListItem","position":1,"name":"Home","item":"https:\/\/geckobeachclub.com\/fr\/"},{"@type":"ListItem","position":2,"name":"Mariages et \u00e9v\u00e9nements","item":"https:\/\/geckobeachclub.com\/fr\/mariages-et-evenements\/"},{"@type":"ListItem","position":3,"name":"C\u00e9l\u00e9brations sp\u00e9ciales"}]},{"@type":"WebSite","@id":"https:\/\/geckobeachclub.com\/fr\/#website","url":"https:\/\/geckobeachclub.com\/fr\/","name":"Gecko Hotel &amp; Beach Club Formentera","description":"","potentialAction":[{"@type":"SearchAction","target":{"@type":"EntryPoint","urlTemplate":"https:\/\/geckobeachclub.com\/fr\/?s={search_term_string}"},"query-input":"required name=search_term_string"}],"inLanguage":"fr-FR"}]}},"_links":{"self":[{"href":"https:\/\/geckobeachclub.com\/fr\/wp-json\/wp\/v2\/pages\/3834"}],"collection":[{"href":"https:\/\/geckobeachclub.com\/fr\/wp-json\/wp\/v2\/pages"}],"about":[{"href":"https:\/\/geckobeachclub.com\/fr\/wp-json\/wp\/v2\/types\/page"}],"author":[{"embeddable":true,"href":"https:\/\/geckobeachclub.com\/fr\/wp-json\/wp\/v2\/users\/6"}],"replies":[{"embeddable":true,"href":"https:\/\/geckobeachclub.com\/fr\/wp-json\/wp\/v2\/comments?post=3834"}],"version-history":[{"count":7,"href":"https:\/\/geckobeachclub.com\/fr\/wp-json\/wp\/v2\/pages\/3834\/revisions"}],"predecessor-version":[{"id":9667,"href":"https:\/\/geckobeachclub.com\/fr\/wp-json\/wp\/v2\/pages\/3834\/revisions\/9667"}],"wp:attachment":[{"href":"https:\/\/geckobeachclub.com\/fr\/wp-json\/wp\/v2\/media?parent=3834"}],"curies":[{"name":"wp","href":"https:\/\/api.w.org\/{rel}","templated":true}]}}